{"id":907,"date":"2018-08-03T13:49:55","date_gmt":"2018-08-03T11:49:55","guid":{"rendered":"https:\/\/www.gabrielaresti.eus\/g2?page_id=907"},"modified":"2018-09-22T09:18:16","modified_gmt":"2018-09-22T07:18:16","slug":"euskera-para-empresas","status":"publish","type":"page","link":"https:\/\/www.gabrielaresti.eus\/es\/euskera-para-empresas\/","title":{"rendered":"Euskera para empresas"},"content":{"rendered":"<div class=\"wpb-content-wrapper\">[vc_row][vc_column][vc_column_text css=\u00bb.vc_custom_1533298081616{margin-bottom: 0px !important;}\u00bb]En el euskaltegi Gabriel Aresti tambi\u00e9n ofrecemos cursos de euskera para empresas, asociaciones, centros de ense\u00f1anza, comerciantes&#8230;\u00a0Tambi\u00e9n dise\u00f1amos e impartimos planes\u00a0integrales de formaci\u00f3n.<strong>\u00a0<\/strong><\/p>\n<p>Trabajamos para proporcionar una\u00a0adecuada formaci\u00f3n y para el\u00a0fomento de\u00a0la comunicaci\u00f3n en euskera en la actividad laboral, tanto en las actividades laborales formales como en las relaciones. De hecho, ambos \u00e1mbitos son muy importantes para el uso del euskera, ya que se alimentan mutuamente.<\/p>\n<p>Clases de gram\u00e1tica, cursos espec\u00edficos para preparar ex\u00e1menes oficiales, clases especiales de\u00a0expresi\u00f3n oral o <em>mintzamena<\/em>, actividades din\u00e1micas en euskera&#8230; Ofrecemos m\u00faltiples opciones, siempre adecu\u00e1ndonos a las necesidades de la empresa o centro, en todos los niveles (A1, A2, B1, B2, C1 y\u00a0C2),\u00a0y en una amplia oferta de horarios y m\u00f3dulos,\u00a0bien<strong>\u00a0en el propio centro de trabajo <\/strong>bien<strong>\u00a0en el euskaltegi<\/strong>.[\/vc_column_text][mk_portfolio excerpt_length=\u00bb0&#8243; permalink_icon_name=\u00bbmk-moon-info\u00bb zoom_icon=\u00bbfalse\u00bb count=\u00bb-1&#8243; sortable=\u00bbfalse\u00bb sortable_all_text=\u00bbTodas\u00bb categories=\u00bbservicios\u00bb][\/vc_column][\/vc_row]\n<\/div>","protected":false},"excerpt":{"rendered":"<p>[vc_row][vc_column][vc_column_text css=\u00bb.vc_custom_1533298081616{margin-bottom: 0px !important;}\u00bb]En el euskaltegi Gabriel Aresti tambi\u00e9n ofrecemos cursos de euskera para empresas, asociaciones, centros de ense\u00f1anza, comerciantes&#8230;\u00a0Tambi\u00e9n dise\u00f1amos e impartimos planes\u00a0integrales de formaci\u00f3n.\u00a0 Trabajamos para proporcionar una\u00a0adecuada formaci\u00f3n y para el\u00a0fomento de\u00a0la comunicaci\u00f3n en euskera en la actividad laboral, tanto en las actividades laborales formales como en las relaciones. De hecho, ambos [&hellip;]<\/p>\n","protected":false},"author":3,"featured_media":0,"parent":0,"menu_order":0,"comment_status":"closed","ping_status":"closed","template":"","meta":{"footnotes":""},"class_list":["post-907","page","type-page","status-publish","hentry"],"aioseo_notices":[],"_links":{"self":[{"href":"https:\/\/www.gabrielaresti.eus\/es\/wp-json\/wp\/v2\/pages\/907","targetHints":{"allow":["GET"]}}],"collection":[{"href":"https:\/\/www.gabrielaresti.eus\/es\/wp-json\/wp\/v2\/pages"}],"about":[{"href":"https:\/\/www.gabrielaresti.eus\/es\/wp-json\/wp\/v2\/types\/page"}],"author":[{"embeddable":true,"href":"https:\/\/www.gabrielaresti.eus\/es\/wp-json\/wp\/v2\/users\/3"}],"replies":[{"embeddable":true,"href":"https:\/\/www.gabrielaresti.eus\/es\/wp-json\/wp\/v2\/comments?post=907"}],"version-history":[{"count":5,"href":"https:\/\/www.gabrielaresti.eus\/es\/wp-json\/wp\/v2\/pages\/907\/revisions"}],"predecessor-version":[{"id":947,"href":"https:\/\/www.gabrielaresti.eus\/es\/wp-json\/wp\/v2\/pages\/907\/revisions\/947"}],"wp:attachment":[{"href":"https:\/\/www.gabrielaresti.eus\/es\/wp-json\/wp\/v2\/media?parent=907"}],"curies":[{"name":"wp","href":"https:\/\/api.w.org\/{rel}","templated":true}]}}