{"id":763,"date":"2018-07-16T13:32:09","date_gmt":"2018-07-16T11:32:09","guid":{"rendered":"https:\/\/www.gabrielaresti.eus\/g2\/ikasleentzako-informazioa"},"modified":"2019-09-18T12:50:03","modified_gmt":"2019-09-18T11:50:03","slug":"informacion-alumnos-alumnas","status":"publish","type":"page","link":"https:\/\/www.gabrielaresti.eus\/es\/informacion-alumnos-alumnas\/","title":{"rendered":"Informaci\u00f3n para alumnos y alumnas"},"content":{"rendered":"<div class=\"wpb-content-wrapper\">[vc_row][vc_column][vc_column_text css=\u00bb.vc_custom_1531932093463{margin-bottom: 0px !important;}\u00bb]\u00bfEres nueva\/o estudiando euskera? Aqu\u00ed podr\u00e1s encontrar toda la informaci\u00f3n necesaria ahora que empiezas en el euskaltegi.[\/vc_column_text][mk_portfolio excerpt_length=\u00bb0&#8243; permalink_icon_name=\u00bbmk-moon-info\u00bb zoom_icon=\u00bbfalse\u00bb count=\u00bb-1&#8243; sortable=\u00bbfalse\u00bb sortable_all_text=\u00bbGuztiak\u00bb categories=\u00bbinformazioa\u00bb][\/vc_column][\/vc_row]\n<\/div>","protected":false},"excerpt":{"rendered":"<p>[vc_row][vc_column][vc_column_text css=\u00bb.vc_custom_1531932093463{margin-bottom: 0px !important;}\u00bb]\u00bfEres nueva\/o estudiando euskera? Aqu\u00ed podr\u00e1s encontrar toda la informaci\u00f3n necesaria ahora que empiezas en el euskaltegi.[\/vc_column_text][mk_portfolio excerpt_length=\u00bb0&#8243; permalink_icon_name=\u00bbmk-moon-info\u00bb zoom_icon=\u00bbfalse\u00bb count=\u00bb-1&#8243; sortable=\u00bbfalse\u00bb sortable_all_text=\u00bbGuztiak\u00bb categories=\u00bbinformazioa\u00bb][\/vc_column][\/vc_row]<\/p>\n","protected":false},"author":3,"featured_media":0,"parent":0,"menu_order":0,"comment_status":"closed","ping_status":"closed","template":"","meta":{"footnotes":""},"class_list":["post-763","page","type-page","status-publish","hentry"],"aioseo_notices":[],"_links":{"self":[{"href":"https:\/\/www.gabrielaresti.eus\/es\/wp-json\/wp\/v2\/pages\/763","targetHints":{"allow":["GET"]}}],"collection":[{"href":"https:\/\/www.gabrielaresti.eus\/es\/wp-json\/wp\/v2\/pages"}],"about":[{"href":"https:\/\/www.gabrielaresti.eus\/es\/wp-json\/wp\/v2\/types\/page"}],"author":[{"embeddable":true,"href":"https:\/\/www.gabrielaresti.eus\/es\/wp-json\/wp\/v2\/users\/3"}],"replies":[{"embeddable":true,"href":"https:\/\/www.gabrielaresti.eus\/es\/wp-json\/wp\/v2\/comments?post=763"}],"version-history":[{"count":4,"href":"https:\/\/www.gabrielaresti.eus\/es\/wp-json\/wp\/v2\/pages\/763\/revisions"}],"predecessor-version":[{"id":2042,"href":"https:\/\/www.gabrielaresti.eus\/es\/wp-json\/wp\/v2\/pages\/763\/revisions\/2042"}],"wp:attachment":[{"href":"https:\/\/www.gabrielaresti.eus\/es\/wp-json\/wp\/v2\/media?parent=763"}],"curies":[{"name":"wp","href":"https:\/\/api.w.org\/{rel}","templated":true}]}}