{"id":735,"date":"2018-07-12T13:31:00","date_gmt":"2018-07-12T11:31:00","guid":{"rendered":"https:\/\/www.gabrielaresti.eus\/g2\/kontaktua"},"modified":"2025-11-13T15:22:26","modified_gmt":"2025-11-13T14:22:26","slug":"contacto","status":"publish","type":"page","link":"https:\/\/www.gabrielaresti.eus\/es\/contacto\/","title":{"rendered":"Contacto &#8211; C\u00f3mo llegar"},"content":{"rendered":"<div class=\"wpb-content-wrapper\">[mk_page_section full_width=\u00bbtrue\u00bb padding_top=\u00bb0&#8243; padding_bottom=\u00bb0&#8243; top_shape_style=\u00bbjagged-top\u00bb bottom_shape_style=\u00bbjagged-rounded-bottom\u00bb bottom_shape_bg_color=\u00bb#dd3333&#8243; sidebar=\u00bbsidebar-1&#8243;][vc_column][vc_gmaps link=\u00bb#E-8_JTNDaWZyYW1lJTIwc3JjJTNEJTIyaHR0cHMlM0ElMkYlMkZ3d3cuZ29vZ2xlLmNvbSUyRm1hcHMlMkZlbWJlZCUzRnBiJTNEJTIxMW0xNCUyMTFtOCUyMTFtMyUyMTFkMTE2MjEuNjU0NjMzNzYyMjAyJTIxMmQtMi45Mjc4MTklMjEzZDQzLjI2MzcwOSUyMTNtMiUyMTFpMTAyNCUyMTJpNzY4JTIxNGYxMy4xJTIxM20zJTIxMW0yJTIxMXMweDAlMjUzQTB4MTA3ODFmMjdjY2Q3ZmQ5YiUyMTJzR2FicmllbCUyQkFyZXN0aSUyQmV1c2thbHRlZ2lhJTIxNWUwJTIxM20yJTIxMXNlcyUyMTJzZXMlMjE0djE1MzEzOTMwMjcwNTclMjIlMjB3aWR0aCUzRCUyMjYwMCUyMiUyMGhlaWdodCUzRCUyMjQ1MCUyMiUyMGZyYW1lYm9yZGVyJTNEJTIyMCUyMiUyMHN0eWxlJTNEJTIyYm9yZGVyJTNBMCUyMiUyMGFsbG93ZnVsbHNjcmVlbiUzRSUzQyUyRmlmcmFtZSUzRQ==\u00bb][\/vc_column][\/mk_page_section][vc_row][vc_column width=\u00bb1\/2&#8243;][vc_single_image image=\u00bb63&#8243; img_size=\u00bbfull\u00bb style=\u00bbvc_box_shadow_3d\u00bb css_animation=\u00bbfadeInUp\u00bb][vc_column_text css=\u00bb.vc_custom_1694492801582{margin-bottom: 0px !important;}\u00bb]AVISO: El tratamiento de los datos que nos proporciones cuando nos hagas una consulta por tel\u00e9fono o cuando env\u00edes un mensaje a trav\u00e9s del correo electr\u00f3nico se regir\u00e1 por nuestra\u00a0<a href=\"https:\/\/www.gabrielaresti.eus\/es\/politica-de-privacidad\/\">pol\u00edtica de privacidad<\/a>. Recogeremos tu nombre, tu(s) apellido(s) y tu correo electr\u00f3nico y estos datos se utilizar\u00e1n \u00fanicamente para responder tu consulta, no los incorporaremos a nuestro\u00a0<a href=\"https:\/\/www.gabrielaresti.eus\/es\/opciones\/suscripcion\/\">bolet\u00edn electr\u00f3nico<\/a> ni a ningun otro fichero automatizado, a no ser que lo permitas expresamente.[\/vc_column_text][mk_custom_box corner_radius=\u00bb4&#8243; bg_color=\u00bb#f2f2f2&#8243; bg_image=\u00bbhttps:\/\/www.gabrielaresti.eus\/g2\/wp-content\/uploads\/2021\/09\/buletina-harpidetu.jpg\u00bb background_hov_color_style=\u00bbimage\u00bb border_color_style=\u00bbsingle_color\u00bb border_color=\u00bb#17325e\u00bb bg_image_hov_effect=\u00bbblur\u00bb bg_stretch=\u00bbtrue\u00bb][vc_column_text css=\u00bb.vc_custom_1630581286201{margin-bottom: 0px !important;}\u00bb]\n<h2 style=\"text-align: center;\"><strong>Nuestro bolet\u00edn<\/strong><\/h2>\n[\/vc_column_text][mk_button size=\u00bblarge\u00bb icon=\u00bbmk-li-mail\u00bb icon_anim=\u00bbside\u00bb url=\u00bbhttps:\/\/us3.list-manage.com\/subscribe?u=c30b96711b374aabacd3b8cfc&amp;id=dd0c17b110&#8243; target=\u00bb_blank\u00bb align=\u00bbcenter\u00bb bg_color=\u00bb#218fcf\u00bb]Suscr\u00edbete[\/mk_button][\/mk_custom_box][\/vc_column][vc_column width=\u00bb1\/2&#8243;][vc_column_text css=\u00bb.vc_custom_1630572423412{margin-bottom: 0px !important;}\u00bb]Nuestra\u00a0<strong>oficina<\/strong> est\u00e1 situada en Abando, en el centro de Bilbao (calle <strong>San Vicente, 2<\/strong>). En ella te facilitaremos toda la informaci\u00f3n que necesites sobre <a href=\"https:\/\/www.gabrielaresti.eus\/es\/cursos\/\">cursos de euskera<\/a>, horarios de los mismos, <a href=\"https:\/\/matrikula.gabrielaresti.eus\/\" target=\"_blank\" rel=\"noopener noreferrer\">matriculaci\u00f3n <\/a>y <a href=\"https:\/\/www.gabrielaresti.eus\/es\/opciones\/deskontuak-eta-diru-laguntzak-euskara-ikasteko\">subvenciones<\/a>.<\/p>\n<h2><strong>C\u00f3mo llegar<\/strong><\/h2>\n<p><strong>En metro, <\/strong>salir de la estacion de Abando, (salida Berastegi) y caminar 150 metros, atravesando los jardines de Albia. Junto a la iglesia de San Vicente veremos el edificio del <a href=\"http:\/\/www.kafeantzokia.eus\/es\/\" target=\"_blank\" rel=\"noopener noreferrer\">Kafe Antzokia<\/a>. En el 4\u00ba piso de este edificio se encuentra la oficina del euskaltegi Gabriel Aresti.[\/vc_column_text][mk_custom_box corner_radius=\u00bb3&#8243; bg_color=\u00bb#f9f9f9&#8243; bg_image=\u00bbhttps:\/\/www.gabrielaresti.eus\/g2\/wp-content\/uploads\/2021\/09\/ordutegia2-1.png\u00bb bg_position=\u00bbleft bottom\u00bb border_color_style=\u00bbsingle_color\u00bb border_color=\u00bb#17325e\u00bb elevation_effect=\u00bbtrue\u00bb bg_stretch=\u00bbtrue\u00bb][vc_column_text align=\u00bbcenter\u00bb css=\u00bb.vc_custom_1763043743533{margin-bottom: 0px !important;}\u00bb]\n<h2 style=\"text-align: right;\"><strong>Horario de oficina<br \/>\n<\/strong><\/h2>\n<h3 style=\"text-align: right;\">De lunes a mi\u00e9rcoles:<\/h3>\n<p style=\"text-align: right;\">10:00-13:30<br \/>\n16:00-18:00<\/p>\n<h3 style=\"text-align: right;\">Jueves:<\/h3>\n<p style=\"text-align: right;\">10:00-13:30<br \/>\n16:00-19:00<\/p>\n<h3 style=\"text-align: right;\">Viernes:<\/h3>\n<p style=\"text-align: right;\">10:00-13:30<\/p>\n[\/vc_column_text][\/mk_custom_box][vc_column_text css=\u00bb.vc_custom_1630582296697{margin-top: 20px !important;margin-bottom: 0px !important;}\u00bb]\n<h2><strong>Contacto<\/strong><\/h2>\n[\/vc_column_text][mk_contact_info phone=\u00bb94 423 75 91&#8243; email=\u00bbbulegoa@gabrielaresti.eus\u00bb address=\u00bbCalle San Vicente 2, 4\u00ba piso &#8211; 48001 Bilbao\u00bb][vc_column_text css=\u00bb.vc_custom_1531930017845{margin-bottom: 0px !important;}\u00bb]O rellenando este formulario:[\/vc_column_text][mk_contact_form style=\u00bbcorporate\u00bb button_text=\u00bbENVIAR\u00bb border_color=\u00bb#008bcf\u00bb button_color=\u00bb#002e5f\u00bb email=\u00bbbulegoa@gabrielaresti.eus\u00bb phone=\u00bbtrue\u00bb gdpr_consent_text=\u00bbAcepto la pol\u00edtica de privacidad de Gabriel Aresti al enviar este mensaje.\u00bb captcha=\u00bbfalse\u00bb][vc_empty_space][\/vc_column][\/vc_row]\n<\/div>","protected":false},"excerpt":{"rendered":"<p>[mk_page_section full_width=\u00bbtrue\u00bb padding_top=\u00bb0&#8243; padding_bottom=\u00bb0&#8243; top_shape_style=\u00bbjagged-top\u00bb bottom_shape_style=\u00bbjagged-rounded-bottom\u00bb bottom_shape_bg_color=\u00bb#dd3333&#8243; sidebar=\u00bbsidebar-1&#8243;][vc_column][vc_gmaps link=\u00bb#E-8_JTNDaWZyYW1lJTIwc3JjJTNEJTIyaHR0cHMlM0ElMkYlMkZ3d3cuZ29vZ2xlLmNvbSUyRm1hcHMlMkZlbWJlZCUzRnBiJTNEJTIxMW0xNCUyMTFtOCUyMTFtMyUyMTFkMTE2MjEuNjU0NjMzNzYyMjAyJTIxMmQtMi45Mjc4MTklMjEzZDQzLjI2MzcwOSUyMTNtMiUyMTFpMTAyNCUyMTJpNzY4JTIxNGYxMy4xJTIxM20zJTIxMW0yJTIxMXMweDAlMjUzQTB4MTA3ODFmMjdjY2Q3ZmQ5YiUyMTJzR2FicmllbCUyQkFyZXN0aSUyQmV1c2thbHRlZ2lhJTIxNWUwJTIxM20yJTIxMXNlcyUyMTJzZXMlMjE0djE1MzEzOTMwMjcwNTclMjIlMjB3aWR0aCUzRCUyMjYwMCUyMiUyMGhlaWdodCUzRCUyMjQ1MCUyMiUyMGZyYW1lYm9yZGVyJTNEJTIyMCUyMiUyMHN0eWxlJTNEJTIyYm9yZGVyJTNBMCUyMiUyMGFsbG93ZnVsbHNjcmVlbiUzRSUzQyUyRmlmcmFtZSUzRQ==\u00bb][\/vc_column][\/mk_page_section][vc_row][vc_column width=\u00bb1\/2&#8243;][vc_single_image image=\u00bb63&#8243; img_size=\u00bbfull\u00bb style=\u00bbvc_box_shadow_3d\u00bb css_animation=\u00bbfadeInUp\u00bb][vc_column_text css=\u00bb.vc_custom_1694492801582{margin-bottom: 0px !important;}\u00bb]AVISO: El tratamiento de los datos que nos proporciones cuando nos hagas una consulta por tel\u00e9fono o cuando env\u00edes un mensaje a trav\u00e9s del correo electr\u00f3nico se regir\u00e1 por nuestra\u00a0pol\u00edtica de privacidad. Recogeremos tu nombre, tu(s) apellido(s) y tu [&hellip;]<\/p>\n","protected":false},"author":3,"featured_media":0,"parent":0,"menu_order":0,"comment_status":"closed","ping_status":"closed","template":"","meta":{"footnotes":""},"class_list":["post-735","page","type-page","status-publish","hentry"],"aioseo_notices":[],"_links":{"self":[{"href":"https:\/\/www.gabrielaresti.eus\/es\/wp-json\/wp\/v2\/pages\/735","targetHints":{"allow":["GET"]}}],"collection":[{"href":"https:\/\/www.gabrielaresti.eus\/es\/wp-json\/wp\/v2\/pages"}],"about":[{"href":"https:\/\/www.gabrielaresti.eus\/es\/wp-json\/wp\/v2\/types\/page"}],"author":[{"embeddable":true,"href":"https:\/\/www.gabrielaresti.eus\/es\/wp-json\/wp\/v2\/users\/3"}],"replies":[{"embeddable":true,"href":"https:\/\/www.gabrielaresti.eus\/es\/wp-json\/wp\/v2\/comments?post=735"}],"version-history":[{"count":79,"href":"https:\/\/www.gabrielaresti.eus\/es\/wp-json\/wp\/v2\/pages\/735\/revisions"}],"predecessor-version":[{"id":5479,"href":"https:\/\/www.gabrielaresti.eus\/es\/wp-json\/wp\/v2\/pages\/735\/revisions\/5479"}],"wp:attachment":[{"href":"https:\/\/www.gabrielaresti.eus\/es\/wp-json\/wp\/v2\/media?parent=735"}],"curies":[{"name":"wp","href":"https:\/\/api.w.org\/{rel}","templated":true}]}}