{"id":33,"date":"2018-07-10T14:09:21","date_gmt":"2018-07-10T12:09:21","guid":{"rendered":"https:\/\/www.gabrielaresti.eus\/g2?page_id=33"},"modified":"2018-09-28T10:29:12","modified_gmt":"2018-09-28T08:29:12","slug":"politica-de-cookies","status":"publish","type":"page","link":"https:\/\/www.gabrielaresti.eus\/es\/politica-de-cookies\/","title":{"rendered":"Pol\u00edtica de cookies"},"content":{"rendered":"<p>Seg\u00fan la Ley 34\/2002, de 11 de julio, de Servicios de la Sociedad de la Informaci\u00f3n y Comercio Electr\u00f3nico, te informamos de que este sitio web usa Cookies para mejorar y optimizar la experiencia del usuario. Si sigues navegando en nuestra web sin deshabilitar las cookies, entendemos que aceptas su utilizaci\u00f3n. A continuaci\u00f3n, encontrar\u00e1s informaci\u00f3n detallada sobre qu\u00e9 son las \u201cCookies\u201d, qu\u00e9 tipolog\u00eda utiliza este sitio web, c\u00f3mo cambiar la configuraci\u00f3n de sus cookies, y qu\u00e9 ocurre si las deshabilitas. Encontrar\u00e1s m\u00e1s informaci\u00f3n sobre las medidas de seguridad que adopta este sitio web leyendo nuestra <a href=\"https:\/\/www.gabrielaresti.eus\/es\/politica-de-privacidad\">Pol\u00edtica de privacidad<\/a>.<\/p>\n<h2><b>\u00bfQu\u00e9 son las cookies?<\/b><\/h2>\n<p>Las cookies son peque\u00f1os archivos de texto que se descargan en tu equipo al acceder a una p\u00e1gina web. No son virus malignos, sino herramientas que cumplen un papel esencial para la prestaci\u00f3n de numerosos servicios en internet. Entre otras cosas permiten recordar el idioma en el que quieres navegar en la web, recopilar estad\u00edsticas para optimizar la funcionalidad del sitio o que puedas compartir nuestros contenidos en tus redes sociales.<\/p>\n<h2><strong>\u00bfQu\u00e9 tipos de cookies utiliza esta p\u00e1gina web?<\/strong><\/h2>\n<ul>\n<li>Cookies t\u00e9cnicas. Son aquellas creadas y gestionadas \u00fanicamente por nosotros y que permiten la navegaci\u00f3n a trav\u00e9s de nuestra p\u00e1gina web y la utilizaci\u00f3n de sus diferentes opciones y servicios.<\/li>\n<li>Cookies de an\u00e1lisis. Son aquellas que bien tratadas por nosotros o por terceros, nos permiten cuantificar el n\u00famero de usuarios y realizar la medici\u00f3n y an\u00e1lisis estad\u00edstico de la utilizaci\u00f3n de nuestra web.<\/li>\n<\/ul>\n<p><strong>En ning\u00fan caso obtenemos informaci\u00f3n sobre los datos personales del usuario<\/strong>, garantizando la tutela de la privacidad de las personas que navegan por la web.<\/p>\n<h2><strong>C\u00f3mo desactivar nuestras cookies (o cualquier otra)<\/strong><\/h2>\n<p>Aunque la mayor\u00eda de los navegadores acepta cookies de forma autom\u00e1tica, puedes modificar la configuraci\u00f3n de tu navegador para permitir, bloquear o eliminar las cookies instaladas en tu equipo.<\/p>\n<ul>\n<li>C\u00f3mo configurar las cookies en <a title=\"Se abrir\u00e1 en ventana nueva\" href=\"https:\/\/support.microsoft.com\/eu-es\/help\/17442\/windows-internet-explorer-delete-manage-cookies#ie=ie-11\" target=\"blank\" rel=\"external\">Internet Explorer<\/a>.<\/li>\n<li>C\u00f3mo configurar las cookies en <a title=\"Se abrir\u00e1 en ventana nueva\" href=\"https:\/\/support.google.com\/chrome\/answer\/95647?hl=es\" target=\"blank\" rel=\"external\">Google Chrome<\/a>.<\/li>\n<li>C\u00f3mo configurar las cookies en <a title=\"Se abrir\u00e1 en ventana nueva\" href=\"http:\/\/support.mozilla.org\/es\/kb\/habilitar-y-deshabilitar-cookies-que-los-sitios-we\" target=\"blank\" rel=\"external\">Firefox<\/a>.<\/li>\n<li>C\u00f3mo configurar las cookies en <a title=\"Se abrir\u00e1 en ventana nueva\" href=\"https:\/\/www.apple.com\/legal\/privacy\/es\/cookies\/\" target=\"blank\" rel=\"external\">Safari<\/a>.<\/li>\n<\/ul>\n<h2><strong>\u00bfQu\u00e9 ocurre si desactivo las cookies?<\/strong><\/h2>\n<p>Para que entiendas el alcance que puede tener desactivar las cookies te mostramos unos ejemplos:<\/p>\n<ul>\n<li>No podr\u00e1s compartir contenidos de esa web en Facebook, Twitter o cualquier otra red social.<\/li>\n<li>El sitio web no podr\u00e1 adaptar los contenidos a tus preferencias personales, como suele ocurrir en las tiendas online.<\/li>\n<li>No podr\u00e1s acceder al \u00e1rea personal de la web, como por ejemplo Mi cuenta, o Mi perfil o Mis pedidos.<\/li>\n<li>No ser\u00e1 posible personalizar tus preferencias geogr\u00e1ficas como franja horaria, divisa o idioma.<\/li>\n<li>El sitio web no podr\u00e1 realizar anal\u00edticas web sobre visitantes y tr\u00e1fico en la web, lo que dificultar\u00e1 que la web sea competitiva.<\/li>\n<li>No podr\u00e1s escribir en el blog, no podr\u00e1s subir fotos, publicar comentarios, valorar o puntuar contenidos. La web tampoco podr\u00e1 saber si eres un humano o una aplicaci\u00f3n automatizada que publica spam.<\/li>\n<li>Todas las redes sociales usan cookies, si las desactivas no podr\u00e1s utilizar ninguna red social.<\/li>\n<\/ul>\n<p>A\u00fan as\u00ed, podras navegar por la web y ver sus contenidos sin mayores problemas.<\/p>\n","protected":false},"excerpt":{"rendered":"<p>Seg\u00fan la Ley 34\/2002, de 11 de julio, de Servicios de la Sociedad de la Informaci\u00f3n y Comercio Electr\u00f3nico, te informamos de que este sitio web usa Cookies para mejorar y optimizar la experiencia del usuario. Si sigues navegando en nuestra web sin deshabilitar las cookies, entendemos que aceptas su utilizaci\u00f3n. A continuaci\u00f3n, encontrar\u00e1s informaci\u00f3n [&hellip;]<\/p>\n","protected":false},"author":1,"featured_media":0,"parent":0,"menu_order":0,"comment_status":"closed","ping_status":"closed","template":"","meta":{"footnotes":""},"class_list":["post-33","page","type-page","status-publish","hentry"],"aioseo_notices":[],"_links":{"self":[{"href":"https:\/\/www.gabrielaresti.eus\/es\/wp-json\/wp\/v2\/pages\/33","targetHints":{"allow":["GET"]}}],"collection":[{"href":"https:\/\/www.gabrielaresti.eus\/es\/wp-json\/wp\/v2\/pages"}],"about":[{"href":"https:\/\/www.gabrielaresti.eus\/es\/wp-json\/wp\/v2\/types\/page"}],"author":[{"embeddable":true,"href":"https:\/\/www.gabrielaresti.eus\/es\/wp-json\/wp\/v2\/users\/1"}],"replies":[{"embeddable":true,"href":"https:\/\/www.gabrielaresti.eus\/es\/wp-json\/wp\/v2\/comments?post=33"}],"version-history":[{"count":5,"href":"https:\/\/www.gabrielaresti.eus\/es\/wp-json\/wp\/v2\/pages\/33\/revisions"}],"predecessor-version":[{"id":1350,"href":"https:\/\/www.gabrielaresti.eus\/es\/wp-json\/wp\/v2\/pages\/33\/revisions\/1350"}],"wp:attachment":[{"href":"https:\/\/www.gabrielaresti.eus\/es\/wp-json\/wp\/v2\/media?parent=33"}],"curies":[{"name":"wp","href":"https:\/\/api.w.org\/{rel}","templated":true}]}}