{"id":29,"date":"2018-07-10T14:05:51","date_gmt":"2018-07-10T12:05:51","guid":{"rendered":"https:\/\/www.gabrielaresti.eus\/g2?page_id=29"},"modified":"2018-09-28T10:24:27","modified_gmt":"2018-09-28T08:24:27","slug":"aviso-legal","status":"publish","type":"page","link":"https:\/\/www.gabrielaresti.eus\/es\/aviso-legal\/","title":{"rendered":"Aviso legal"},"content":{"rendered":"<div id=\"section1\">\n<h3>1. DATOS DE LOS RESPONSABLES<\/h3>\n<p>El sitio web gabrielaresti.eus pertenece al Euskaltegi Gabriel Aresti, cuyo titular es Txinta Kooperatiba elkartea. Su domicilio se encuentra situado en la calle Done Bikendi, 2, 4\u00ba piso, 48001 Bilbao.<\/p>\n<p>Txinta Kooperatiba Elkartea, responsable del sitio web, pone a disposici\u00f3n de los usuarios el presente documento con el que pretende dar cumplimiento a la Ley 34\/2002, de Servicios de la Sociedad de la Informaci\u00f3n y del Comercio Electr\u00f3nico (en adelante, LSSI) y a las obligaciones dispuestas en el Reglamento (UE) 2016\/679 (el Reglamento General de Protecci\u00f3n de Datos, RGPD) y a la dem\u00e1s normativa aplicable a la materia.<\/p>\n<p>Toda persona que accede al sitio web asume el papel de usuario, comprometi\u00e9ndose a la observancia y cumplimiento riguroso de las disposiciones aqu\u00ed dispuestas, as\u00ed como de cualquier otra disposici\u00f3n legal que fuera de aplicaci\u00f3n.<\/p>\n<p>Txinta Kooperatiba Elkartea se reserva el derecho a modificar cualquier tipo de informaci\u00f3n que pudiera aparecer en el presente sitio web, sin que exista obligaci\u00f3n de preavisar o poner en conocimiento de los usuarios dichas obligaciones, entendi\u00e9ndose como suficiente con la publicaci\u00f3n en el sitio web.<\/p>\n<\/div>\n<div id=\"section2\">\n<h3>2. RESPONSABILIDAD<\/h3>\n<p>Txinta Kooperatiba Elkartea no puede garantizar la fiabilidad, utilidad o exactitud de la informaci\u00f3n que se preste a trav\u00e9s del sitio web. En particular, Txinta Kooperatiba Elkartea no garantiza ni se hace responsable de:<\/p>\n<ul>\n<li>La continuidad de los contenidos del sitio web y\/o la falta de disponibilidad o accesibilidad o continuidad t\u00e9cnica del mismo;<\/li>\n<li>La ausencia de errores en los contenidos y\/o productos;<\/li>\n<li>La ausencia de virus y dem\u00e1s componentes da\u00f1inos en el sitio web o en el servidor que lo suministra;<\/li>\n<li>La invulnerabilidad del sitio web y\/o la inexpugnabilidad de las medidas de seguridad que se adopten en el mismo;<\/li>\n<li>En su caso, la falta de utilidad o rendimiento de los contenidos, productos y\/o servicios del sitio web;<\/li>\n<li>Los da\u00f1os o perjuicios que cause, a s\u00ed mismo o a un tercero, cualquier persona que infringiera las condiciones, normas e instrucciones que Txinta Kooperatiba Elkartea establece en el sitio web o a trav\u00e9s de la vulneraci\u00f3n de los sistemas de seguridad del mismo;<\/li>\n<li>Cualesquiera otros da\u00f1os que pudieran ser causados por motivos inherentes al no funcionamiento o al funcionamiento defectuoso del sitio web o de los sitios web a los que, en su caso, se hayan podido establecer links.<\/li>\n<\/ul>\n<p>No obstante, Txinta Kooperatiba Elkartea declara que ha adoptado todas las medidas necesarias, dentro de sus posibilidades y del estado de la tecnolog\u00eda, para garantizar el funcionamiento del sitio web y evitar la existencia y transmisi\u00f3n de virus y dem\u00e1s componentes da\u00f1inos a los usuarios.<\/p>\n<p>Txinta Kooperatiba Elkartea realiza los m\u00e1ximos esfuerzos para evitar errores en los contenidos que se publican en el sitio web y se reserva la facultad de poder modificarlos en cualquier momento. Txinta Kooperatiba Elkartea no se responsabiliza de las consecuencias que puedan derivarse de los errores en los contenidos proporcionados por terceros, que puedan aparecer en el sitio web.<\/p>\n<\/div>\n<div id=\"section3\">\n<h3>3. ACCESO AL SITIO WEB<\/h3>\n<p>El acceso al sitio web por parte de los usuarios tiene car\u00e1cter libre y gratuito, con excepci\u00f3n de los contenidos dirigidos a usuarios registrados.<\/p>\n<p>En el supuesto de que Vd. contrate o adquiera determinados servicios o productos ser\u00e1 necesario que se registre en el sitio web siendo responsable de aportar informaci\u00f3n veraz y l\u00edcita y garantizando la autenticidad de todos aquellos datos que introduzca a la hora de cumplimentar los formularios de registro, siendo de aplicaci\u00f3n lo establecido en la <a href=\"https:\/\/www.gabrielaresti.eus\/es\/politica-de-privacidad\">Pol\u00edtica de Privacidad<\/a> y en los T\u00e9rminos y Condiciones.<\/p>\n<\/div>\n<div id=\"section4\">\n<h3>4. P\u00c1GINAS WEB DE TERCEROS<\/h3>\n<p>El presente Aviso Legal no regula las pr\u00e1cticas de ning\u00fan tercero en materia de privacidad, protecci\u00f3n de datos o cualquier otro aspecto, incluyendo cualquier tercero que administre una p\u00e1gina a la que el sitio web de Gabriel Aresti Euskaltegia contenga un enlace, y no seremos responsables de dichas pr\u00e1cticas. La inclusi\u00f3n de un enlace en el sitio web de Gabriel Aresti Euskaltegia no implica que nosotros o nuestras entidades vinculadas aprobemos el contenido de la p\u00e1gina enlazada.<\/p>\n<p>Tampoco somos responsables de la pol\u00edtica y las pr\u00e1cticas en materia de recogida, utilizaci\u00f3n y divulgaci\u00f3n (incluyendo las pr\u00e1cticas en materia de seguridad de los datos) de otras organizaciones como, por ejemplo, Facebook, Apple, Google, Microsoft, RIM o cualquier otro desarrollador de aplicaciones, proveedor de aplicaciones, proveedor de plataformas de redes sociales, proveedor de sistemas operativos, proveedor de servicios inal\u00e1mbricos o fabricante de dispositivos, incluyendo en lo que respecta a los Datos Personales que usted divulgue a otras organizaciones a trav\u00e9s de las Aplicaciones o nuestras Redes Sociales o en relaci\u00f3n con las mismas.<\/p>\n<\/div>\n<div id=\"section5\">\n<h3>5. PROTECCI\u00d3N DE DATOS PERSONALES<\/h3>\n<p>Los datos personales vinculados a esta web respetan las exigencias del Reglamento 2016\/679 de 17 de abril de 2016 (Reglamento General de Protecci\u00f3n de Datos) y la legislaci\u00f3n y normativa vigente en materia de protecci\u00f3n de datos personales. Para m\u00e1s informaci\u00f3n consultar nuestra <a href=\"https:\/\/www.gabrielaresti.eus\/es\/politica-de-privacidad\">Pol\u00edtica de Privacidad<\/a>.<\/p>\n<\/div>\n<div id=\"section6\">\n<h3>6. PROPIEDAD INTELECTUAL E INDUSTRIAL<\/h3>\n<p>Txinta Kooperatiba Elkartea es titular o ha obtenido la correspondiente licencia o autorizaci\u00f3n sobre los derechos de explotaci\u00f3n en materia de propiedad intelectual, industrial y de imagen sobre los contenidos disponibles a trav\u00e9s del mismo, entre otros a t\u00edtulo meramente enunciativo y no exhaustivo, los textos, dise\u00f1os gr\u00e1ficos, dibujos, c\u00f3digos, software, fotograf\u00edas, v\u00eddeos, sonidos, archivos audio, bases de datos, \u00edndices, im\u00e1genes, marcas, logotipos, expresiones e informaciones y, en general, cualquier otra creaci\u00f3n protegida por las normas nacionales y tratados internacionales sobre propiedad intelectual e industrial.<\/p>\n<p>Los contenidos de las partes de acceso libre este sitio web que sean creados por Gabriel Aresti Euskaltegia pertenecen a Txinta Kooperatiba Elkartea y est\u00e1n bajo la protecci\u00f3n de la licencia Atribuci\u00f3n-NoComercial-CompartirIgual 4.0 Internacional (CC BY-NC-SA 4.0) de Creative Commons. Dicha licencia le da a usted derecho a copiar, distribuir y comunicar p\u00fablicamente los contenidos de este sitio web (textos, im\u00e1genes o documentos), as\u00ed como a hacer obras derivadas de tales contenidos, siempre que cumpla con estas condiciones:<\/p>\n<ul>\n<li><strong>Atribuci\u00f3n<\/strong> \u2014 Reconocer expl\u00edcitamente el origen de tales contenidos, expresando bajo la copia o derivaci\u00f3n lo siguiente: \u00abOrigen: www.gabrielaresti.eus\u00bb.<\/li>\n<li><strong>NoComercial <\/strong>\u2014 Lan baimendunak kopiatu, banatu eta jendearen esku jarri ahal izango dira, haien erabilera merkataritzakoa ez den bitartean. Ondorenez, lan baimendunak erabiltzeagatik ezin da, ez zuzenean ez zeharka, merkataritzako onurarik lortu, ezta diruzko kontraprestaziorik ere, halakoen izaera edozein dela.<\/li>\n<li><strong>CompartirIgual<\/strong> \u2014 El trabajo derivado se deber\u00e1 difundir bajo la misma licencia.Adem\u00e1s en los casos en que se trate de una obra con formato electr\u00f3nico, la menci\u00f3n a nuestro sitio web debe estar enlazada a la siguiente URL: http:\/\/www.gabrielaresti.eus .<\/li>\n<\/ul>\n<p>M\u00e1s informaci\u00f3n: <a href=\"https:\/\/creativecommons.org\/licenses\/by-nc-sa\/4.0\/deed.es\" target=\"_blank\" rel=\"noopener\">Texto legal completo de la licencia Atribuci\u00f3n-NoComercial-CompartirIgual 4.0 Internacional (CC BY-NC-SA 4.0)<\/a>.<\/p>\n<p>En caso de querer reproducir, copiar, hacer trabajos derivados y compartir bajo otras condiciones, el interesado deber\u00e1 solicitar y conseguir permiso por escrito a Txinta Kooperatiba Elkarteari, quien deber\u00e1 conceder ese permiso expreso tambi\u00e9n por escrito.<\/p>\n<p>En el caso de los contenidos de las areas de la web restringidas a usuarios registrados o que tengan los derechos reservados y que, por tanto, queden fuera de la licencia Creative Commons antes mencionada, quedan reservados todos los derechos de propiedad intelectual e industrial sobre dichos contenidos y, en particular, queda prohibido modificar, copiar, reproducir, comunicar p\u00fablicamente, poner a disposici\u00f3n del p\u00fablico, transformar o distribuir de cualquier forma la totalidad o parte de dichos contenidos para prop\u00f3sitos p\u00fablicos o comerciales, si no se cuenta con la autorizaci\u00f3n previa, expresa y por escrito de\u00a0Txinta Kooperatiba Elkartea o, en su caso, del titular de los derechos al que correspondan.<\/p>\n<p>Asimismo, no est\u00e1 permitido suprimir, eludir o manipular el aviso de derechos de autor (\u00abcopyright\u00bb), licencia Creative Commons y cualesquiera otros datos de identificaci\u00f3n de los derechos de\u00a0Txinta Kooperatiba Elkartea o de sus titulares, incorporados a los Contenidos, as\u00ed como los dispositivos t\u00e9cnicos de protecci\u00f3n, las huellas digitales o cualesquiera mecanismos de informaci\u00f3n y\/o de identificaci\u00f3n que pudieren contenerse en los mismos.<\/p>\n<p>Las referencias a nombres y marcas comerciales o registradas, logotipos u otros signos distintivos, ya sean titularidad de Txinta Kooperatiba Elkartea o de terceras empresas, lleva impl\u00edcita la prohibici\u00f3n sobre su uso sin el consentimiento de Txinta Kooperatiba Elkartea o de sus leg\u00edtimos titulares. En ning\u00fan momento, salvo manifestaci\u00f3n expresa el acceso o uso del sitio web y\/o de sus Contenidos, confiere al usuario derecho alguno sobre las marcas, logotipos y\/o signos distintivos en \u00e9l incluidos, protegidos por Ley.<\/p>\n<\/div>\n<div id=\"section7\">\n<h3>7. LEY APLICABLE Y JURISDICCI\u00d3N<\/h3>\n<p>Para la resoluci\u00f3n de todas las controversias o cuestiones relacionadas con el presente sitio web o de las actividades en \u00e9l desarrolladas, ser\u00e1 de aplicaci\u00f3n la legislaci\u00f3n vigente en Bilbao, donde se encuentra la sede de Txinta Kooperatiba Elkartea y a la que se someten expresamente las partes, siendo competentes para la resoluci\u00f3n de todos los conflictos derivados o relacionados con su uso los Juzgados y Tribunales de Bilbao.<\/p>\n<p>Versi\u00f3n Aviso Legal: 23\/05\/2018<\/p>\n<\/div>\n","protected":false},"excerpt":{"rendered":"<p>1. DATOS DE LOS RESPONSABLES El sitio web gabrielaresti.eus pertenece al Euskaltegi Gabriel Aresti, cuyo titular es Txinta Kooperatiba elkartea. Su domicilio se encuentra situado en la calle Done Bikendi, 2, 4\u00ba piso, 48001 Bilbao. Txinta Kooperatiba Elkartea, responsable del sitio web, pone a disposici\u00f3n de los usuarios el presente documento con el que pretende [&hellip;]<\/p>\n","protected":false},"author":1,"featured_media":0,"parent":0,"menu_order":0,"comment_status":"closed","ping_status":"closed","template":"","meta":{"footnotes":""},"class_list":["post-29","page","type-page","status-publish","hentry"],"aioseo_notices":[],"_links":{"self":[{"href":"https:\/\/www.gabrielaresti.eus\/es\/wp-json\/wp\/v2\/pages\/29","targetHints":{"allow":["GET"]}}],"collection":[{"href":"https:\/\/www.gabrielaresti.eus\/es\/wp-json\/wp\/v2\/pages"}],"about":[{"href":"https:\/\/www.gabrielaresti.eus\/es\/wp-json\/wp\/v2\/types\/page"}],"author":[{"embeddable":true,"href":"https:\/\/www.gabrielaresti.eus\/es\/wp-json\/wp\/v2\/users\/1"}],"replies":[{"embeddable":true,"href":"https:\/\/www.gabrielaresti.eus\/es\/wp-json\/wp\/v2\/comments?post=29"}],"version-history":[{"count":2,"href":"https:\/\/www.gabrielaresti.eus\/es\/wp-json\/wp\/v2\/pages\/29\/revisions"}],"predecessor-version":[{"id":1340,"href":"https:\/\/www.gabrielaresti.eus\/es\/wp-json\/wp\/v2\/pages\/29\/revisions\/1340"}],"wp:attachment":[{"href":"https:\/\/www.gabrielaresti.eus\/es\/wp-json\/wp\/v2\/media?parent=29"}],"curies":[{"name":"wp","href":"https:\/\/api.w.org\/{rel}","templated":true}]}}