{"id":1876,"date":"2019-06-10T17:26:21","date_gmt":"2019-06-10T16:26:21","guid":{"rendered":"https:\/\/www.gabrielaresti.eus\/?page_id=1876"},"modified":"2019-06-10T17:41:50","modified_gmt":"2019-06-10T16:41:50","slug":"agenda","status":"publish","type":"page","link":"https:\/\/www.gabrielaresti.eus\/es\/agenda\/","title":{"rendered":"Agenda de eventos"},"content":{"rendered":"<p>En esta p\u00e1gina encontrar\u00e1s la agenda de pr\u00f3ximos eventos culturales relacionados con el euskaltegi Gabriel Aresti, las organizadas por la asociaci\u00f3n Zenbat Gara o actividades en euskara que consideramos interesantes para nuestro alumnado. Est\u00e1 en formato Google Calendar, de manera que, si tienes Gmail puedes suscribirte al calendario (el boton \u201c+\u201d situado en la parte inferior derecha) o agregar cualquier evento suelto a tu calendario sin necesidad de suscribirte a todos.<\/p>\n<p><iframe loading=\"lazy\" style=\"border: 0;\" src=\"https:\/\/calendar.google.com\/calendar\/embed?src=lpkdiea91sr28bgg2ipngkhgp4%40group.calendar.google.com&amp;ctz=Europe%2FMadrid\" width=\"800\" height=\"600\" frameborder=\"0\" scrolling=\"no\"><\/iframe><\/p>\n","protected":false},"excerpt":{"rendered":"<p>En esta p\u00e1gina encontrar\u00e1s la agenda de pr\u00f3ximos eventos culturales relacionados con el euskaltegi Gabriel Aresti, las organizadas por la asociaci\u00f3n Zenbat Gara o actividades en euskara que consideramos interesantes para nuestro alumnado. Est\u00e1 en formato Google Calendar, de manera que, si tienes Gmail puedes suscribirte al calendario (el boton \u201c+\u201d situado en la parte [&hellip;]<\/p>\n","protected":false},"author":1,"featured_media":0,"parent":0,"menu_order":0,"comment_status":"closed","ping_status":"closed","template":"","meta":{"footnotes":""},"class_list":["post-1876","page","type-page","status-publish","hentry"],"aioseo_notices":[],"_links":{"self":[{"href":"https:\/\/www.gabrielaresti.eus\/es\/wp-json\/wp\/v2\/pages\/1876","targetHints":{"allow":["GET"]}}],"collection":[{"href":"https:\/\/www.gabrielaresti.eus\/es\/wp-json\/wp\/v2\/pages"}],"about":[{"href":"https:\/\/www.gabrielaresti.eus\/es\/wp-json\/wp\/v2\/types\/page"}],"author":[{"embeddable":true,"href":"https:\/\/www.gabrielaresti.eus\/es\/wp-json\/wp\/v2\/users\/1"}],"replies":[{"embeddable":true,"href":"https:\/\/www.gabrielaresti.eus\/es\/wp-json\/wp\/v2\/comments?post=1876"}],"version-history":[{"count":3,"href":"https:\/\/www.gabrielaresti.eus\/es\/wp-json\/wp\/v2\/pages\/1876\/revisions"}],"predecessor-version":[{"id":1882,"href":"https:\/\/www.gabrielaresti.eus\/es\/wp-json\/wp\/v2\/pages\/1876\/revisions\/1882"}],"wp:attachment":[{"href":"https:\/\/www.gabrielaresti.eus\/es\/wp-json\/wp\/v2\/media?parent=1876"}],"curies":[{"name":"wp","href":"https:\/\/api.w.org\/{rel}","templated":true}]}}