{"id":173,"date":"2018-07-11T13:10:19","date_gmt":"2018-07-11T11:10:19","guid":{"rendered":"https:\/\/www.gabrielaresti.eus\/g2?page_id=173"},"modified":"2025-04-15T13:04:09","modified_gmt":"2025-04-15T12:04:09","slug":"mas-que-una-academia-de-euskera","status":"publish","type":"page","link":"https:\/\/www.gabrielaresti.eus\/es\/euskaltegi\/mas-que-una-academia-de-euskera\/","title":{"rendered":"M\u00e1s que una academia de euskera: vivir en euskara en Bilbao"},"content":{"rendered":"<div class=\"wpb-content-wrapper\">[vc_row][vc_column][vc_column_text css=\u00bb.vc_custom_1600085942432{margin-bottom: 0px !important;}\u00bb]Gabriel Aresti no es una mera academia de euskera o <strong>euskaltegi<\/strong>, porque, junto a su actividad docente acad\u00e9mica, hemos generado <strong>toda una gama de servicios <\/strong>fuera de las aulas que facilitan <strong>no solo aprender sino practicar, hablar y vivir en euskera en Bilbao<\/strong>. En este contexto, en 1995 del propio euskaltegi Gabriel Aresti surgi\u00f3 <a title=\"Zenbat Gara elkartea\" href=\"https:\/\/www.zenbatgara.eus\/\" target=\"_blank\" rel=\"noopener noreferrer\">Zenbat Gara<\/a>, asociaci\u00f3n cultural que desde su comienzo ha impulsado y canalizado la normalizaci\u00f3n del euskera en las relaciones cotidianas de los euskaldunes y personas que lo est\u00e1n aprendiendo en el Gran Bilbao, as\u00ed como el fomento de la <strong>cultura vasca<\/strong>. Todos estos servicios han sido creados en y para el euskera, y participando en ellos nuestros\/as alumnos \/as\u00a0logran <strong>acelerar con naturalidad el proceso de aprendizaje<\/strong> mediante<strong> la inmersion ling\u00fc\u00edstica<\/strong>, al mismo tiempo que ampl\u00edan el n\u00facleo de personas euskaldunes con las que pueden disfrutar y vivir en euskera un buen n\u00famero de actividades l\u00fadicas y culturales. A continuaci\u00f3n, rese\u00f1amos algunos de estos proyectos creados por nuestro euskaltegi a trav\u00e9s de la asociaci\u00f3n Zenbat Gara, a modo de ejemplo:[\/vc_column_text][mk_imagebox show_as=\u00bbcolumn\u00bb][mk_imagebox_item item_image=\u00bbhttps:\/\/www.gabrielaresti.eus\/g2\/wp-content\/uploads\/2018\/07\/bazkaria-antzokia-1.jpg\u00bb item_title=\u00bbKafe Antzokia\u00bb btn_text=\u00bbKafe Antzokia\u00bb btn_url=\u00bbhttp:\/\/www.kafeantzokia.eus\/es\u00bb btn_background_color=\u00bb#218fcf\u00bb btn_text_color=\u00bb#ffffff\u00bb]Conciertos, celebraciones y fiestas de todo tipo, teatro, presentaci\u00f3n de libros y discos, servicio de comedor, cafeter\u00eda y bar de copas. Estos son algunos de los servicios habitualmente organizados por Kafe Antzokia. Durante el a\u00f1o Kafe Antzokia organiza m\u00e1s de 200 eventos culturales en los que los\/as alumnos\/as del euskaltegi Gabriel Aresti conocen de cerca el mundo cultural en euskera.[\/mk_imagebox_item][mk_imagebox_item icon_type=\u00bbvideo\u00bb mp4=\u00bbhttps:\/\/www.gabrielaresti.eus\/g2\/wp-content\/uploads\/2018\/07\/barnetegi-de-bakaiku-2017.mp4&#8243; item_title=\u00bbEl barnetegi de Bakaiku\u00bb btn_text=\u00bbBakaikuko etxea\u00bb btn_url=\u00bbhttp:\/\/www.bakaiku.net\/\u00bb btn_background_color=\u00bb#218fcf\u00bb btn_text_color=\u00bb#ffffff\u00bb]La formidable casa de Bakaiku, situada en el valle navarro de Sakana, es donde el euskaltegi Gabriel Aresti organiza el barnetegi de Bakaiku, un lugar en el que ofrecemos a nuestros\/as alumnos\/as, adem\u00e1s de aprendizaje acad\u00e9mico, la posibilidad de vivir en euskera las 24 horas en r\u00e9gimen de internado. El proceso se acelera en estas estancias de una o dos semanas, ya que se produce una inmersi\u00f3n completa en el idioma. Adem\u00e1s, el aprendizaje se da de una forma natural, disfrutando de actividades de ocio, en plena naturaleza. En verano y Semana Santa programamos una amplia variedad de barnetegis y, adem\u00e1s, durante todo el a\u00f1o organizamos estancias de semana y fin de semana.[\/mk_imagebox_item][mk_imagebox_item item_image=\u00bbhttps:\/\/www.gabrielaresti.eus\/g2\/wp-content\/uploads\/2018\/07\/algara1-1.jpg\u00bb item_title=\u00bbLa comparsa Algara\u00bb btn_text=\u00bbAlgara\u00bb btn_url=\u00bbhttp:\/\/algara.eus\/\u00bb btn_background_color=\u00bb#218fcf\u00bb btn_text_color=\u00bb#ffffff\u00bb]La comparsa Algara y su mascota, el pirata Pellot, son bien conocidos en las fiestas de la Aste Nagusia bilba\u00edna. Pero, adem\u00e1s de participar en las fiestas de la villa, la comparsa Algara organiza en su entorno las principales celebraciones relacionadas con el calendario festivo vasco: Santo Tom\u00e1s, Santa Agueda, carnavales, Fiesta de la Primavera, etc. En un ambiente festivo y participativo, todas las personas matriculadas en nuestro euskaltegi tienen la oportunidad de formar parte de la comparsa juntamente con otros muchos\/as ex alumnos\/as, amigos\/as y personas euskaldunes del Gran Bilbao.[\/mk_imagebox_item][mk_imagebox_item item_image=\u00bbhttps:\/\/www.gabrielaresti.eus\/g2\/wp-content\/uploads\/2018\/07\/bilbohiria-2.jpg\u00bb item_title=\u00bbBilbo Hiria irratia\u00bb btn_text=\u00bbBilbo Hiria irratia\u00bb btn_url=\u00bbhttps:\/\/www.bilbohiria.eus\/\u00bb btn_background_color=\u00bb#218fcf\u00bb btn_text_color=\u00bb#ffffff\u00bb]La radio Bilbo Hiria irratia emite su programaci\u00f3n \u00edntegramente en euskera en la frecuencia 96.0 de la FM y tambi\u00e9n puede escucharse desde su web bilbohiria.eus. Es un medio de comunicaci\u00f3n, cuyo objetivo b\u00e1sico es la difusi\u00f3n de la lengua y la cultura vasca en el \u00e1rea del Gran Bilbao, al mismo tiempo que sirve de conexi\u00f3n entre todas las personas que hablan o estudian euskera. En su programaci\u00f3n destacan los contenidos culturales y sociales e, igualmente, ofrece varios espacios destinados y adecuados al nivel de lengua de nuestros alumnos.[\/mk_imagebox_item][mk_imagebox_item icon_type=\u00bbvideo\u00bb mp4=\u00bbhttps:\/\/www.gabrielaresti.eus\/g2\/wp-content\/uploads\/2018\/07\/gazteola-laburra.mp4&#8243; item_title=\u00bbGazteola\u00bb btn_text=\u00bbGazteola\u00bb btn_url=\u00bbhttps:\/\/www.gazteola.eus\/es\u00bb btn_background_color=\u00bb#218fcf\u00bb btn_text_color=\u00bb#ffffff\u00bb]De la\u00a0amplia experiencia en la educaci\u00f3n y en el ocio de ni\u00f1os\/as y j\u00f3venes\u00a0que hemos acumulado en estos\u00a0a\u00f1os\u00a0surgi\u00f3 la iniciativa Gazteola, que tiene como objetivo fomentar el uso del euskera y el conocimiento de la cultura vasca entre los m\u00e1s j\u00f3venes, de un modo divertido a la vez que profesional. A lo largo del a\u00f1o, ofrecemos colonias, campus, academia de euskera y barnetegis, para aprender euskera y disfrutarlo en el centro de Bilbao.[\/mk_imagebox_item][mk_imagebox_item item_image=\u00bbhttps:\/\/www.gabrielaresti.eus\/g2\/wp-content\/uploads\/2018\/07\/kurkuluxetan-1.jpg\u00bb item_title=\u00bbKurkuluxetan umegunea y actividades infantiles\u00bb btn_text=\u00bbKurkuluxetan\u00bb btn_url=\u00bbhttps:\/\/www.kurkuluxetan.eus\/\u00bb btn_background_color=\u00bb#218fcf\u00bb btn_text_color=\u00bb#ffffff\u00bb]Desde principios de octubre y hasta el mes de junio, l@s m\u00e1s peque\u00f1@s tienen cita con la diversi\u00f3n y el juego en Kafe Antzokia los domingos por la tarde: payasos, gui\u00f1oles, magia, cuentacuentos&#8230; Los laguntxos o peque\u00f1os socios del Umegunea comprueban en estas actividades que el euskera es mucho m\u00e1s que una lengua escolar, y sus padres y madres \u2013en muchos casos alumn@s del euskaltegi Gabriel Aresti\u2013 tienen un punto de encuentro y pr\u00e1ctica con el euskera.[\/mk_imagebox_item][mk_imagebox_item item_image=\u00bbhttps:\/\/www.gabrielaresti.eus\/g2\/wp-content\/uploads\/2018\/07\/erroa_produktuak.jpg\u00bb item_title=\u00bbEditorial Erroa\u00bb btn_text=\u00bbErroa\u00bb btn_url=\u00bbhttps:\/\/www.erroa.eus\/\u00bb btn_background_color=\u00bb#218fcf\u00bb btn_text_color=\u00bb#ffffff\u00bb]Edici\u00f3n de libros y discos en euskara, libros de lectura f\u00e1cil, novelas gr\u00e1ficas y joyas de la literatura mundial tra\u00eddas al euskara.[\/mk_imagebox_item][\/mk_imagebox][vc_video link=\u00bbhttps:\/\/www.youtube.com\/watch?v=th6RBgnDEMQ\u00bb][\/vc_column][\/vc_row][vc_row][vc_column][vc_column_text css=\u00bb.vc_custom_1531733351208{margin-bottom: 0px !important;}\u00bb]\n<h2><strong>Zenbat Gara elkartea<\/strong><\/h2>\n<p>Ekimen hauek guztiak oinarri eta helburu berak dituzte, <a title=\"Zenbat Gara\" href=\"https:\/\/www.zenbatgara.eus\/\" target=\"_blank\" rel=\"noopener noreferrer\">Zenbat Gara kultura elkarteak<\/a> guztiak sustatzen eta ezaugarritzen dituenez gero. Zenbat Gararen helburua <strong>euskara<\/strong>\u00a0sustatzea da <strong>motibazioa, ezagutza eta erabilera<\/strong> bultzatuz. Hiru arlootan eraginez, hirurak era berean zainduz, egingo du aurrera gure hizkuntzaren hiztun kopuruak eta hiztunen erabilerak:<br \/>\n<!--\n\n\n<ul>\n \t\n\n<li><strong>Motibazioa<\/strong>: euskara erakargarri eginez, ekimen interesgarriak antolatuz erdaldunak gure unibertsora hurbilaraziz.<\/li>\n\n\n \t\n\n<li><strong>Ezagutza<\/strong>: ez dakienari irakatsiz, inmersioaren bidez ikaspen prozesua azkartuz<\/li>\n\n\n \t\n\n<li><strong>Erabilera<\/strong>: ikasgelez gain, euskaraz egiteko uneak eta guneak sortuz, ondo pasatuz, euskara esperientzia aberasgarriekin lotuz.<\/li>\n\n\n<\/ul>\n\n\n--><br \/>\n[\/vc_column_text][\/vc_column][\/vc_row][vc_row][vc_column][mk_steps step=\u00bb3&#8243; icon_1=\u00bbmk-icon-bullhorn\u00bb title_1=\u00bbMotibazioa\u00bb desc_1=\u00bbeuskara erakargarri eginez, ekimen interesgarriak antolatuz erdaldunak gure unibertsora hurbilaraziz.\u00bb icon_2=\u00bbmk-icon-gears\u00bb title_2=\u00bbEzagutza\u00bb desc_2=\u00bbez dakienari irakatsiz, inmersioaren bidez ikaspen prozesua azkartuz\u00bb icon_3=\u00bbmk-icon-comments\u00bb title_3=\u00bbErabilera\u00bb desc_3=\u00bbikasgelez gain, euskaraz egiteko uneak eta guneak sortuz, ondo pasatuz, euskara esperientzia aberasgarriekin lotuz.\u00bb animation=\u00bbscale-up\u00bb][vc_single_image image=\u00bb449&#8243; img_size=\u00bbfull\u00bb alignment=\u00bbcenter\u00bb style=\u00bbvc_box_shadow_3d\u00bb css_animation=\u00bbfadeInUp\u00bb][vc_column_text css=\u00bb.vc_custom_1531733330822{margin-bottom: 0px !important;}\u00bb]<em>Argazkiaren iturria<\/em>:\u00a0blogak.com\/garaigoikoa<\/p>\n<p>Hiruotako bakoitzak besteak elikatu egiten ditu, hizkuntza baten indarra biderkatuz. Gure soziolinguistika planteamenduak gehiago ezagutu nahi izanez gero, Zenbat Gararen webgunean <a href=\"https:\/\/www.zenbatgara.eus\/aurkezpena\/euskaraz-bizi-gara\" target=\"_blank\" rel=\"noopener noreferrer\">informazio gehiago<\/a> aurkituko duzu.[\/vc_column_text][\/vc_column][\/vc_row]\n<\/div>","protected":false},"excerpt":{"rendered":"<p>[vc_row][vc_column][vc_column_text css=\u00bb.vc_custom_1600085942432{margin-bottom: 0px !important;}\u00bb]Gabriel Aresti no es una mera academia de euskera o euskaltegi, porque, junto a su actividad docente acad\u00e9mica, hemos generado toda una gama de servicios fuera de las aulas que facilitan no solo aprender sino practicar, hablar y vivir en euskera en Bilbao. En este contexto, en 1995 del propio euskaltegi Gabriel [&hellip;]<\/p>\n","protected":false},"author":1,"featured_media":0,"parent":10,"menu_order":0,"comment_status":"closed","ping_status":"closed","template":"","meta":{"footnotes":""},"class_list":["post-173","page","type-page","status-publish","hentry"],"aioseo_notices":[],"_links":{"self":[{"href":"https:\/\/www.gabrielaresti.eus\/es\/wp-json\/wp\/v2\/pages\/173","targetHints":{"allow":["GET"]}}],"collection":[{"href":"https:\/\/www.gabrielaresti.eus\/es\/wp-json\/wp\/v2\/pages"}],"about":[{"href":"https:\/\/www.gabrielaresti.eus\/es\/wp-json\/wp\/v2\/types\/page"}],"author":[{"embeddable":true,"href":"https:\/\/www.gabrielaresti.eus\/es\/wp-json\/wp\/v2\/users\/1"}],"replies":[{"embeddable":true,"href":"https:\/\/www.gabrielaresti.eus\/es\/wp-json\/wp\/v2\/comments?post=173"}],"version-history":[{"count":14,"href":"https:\/\/www.gabrielaresti.eus\/es\/wp-json\/wp\/v2\/pages\/173\/revisions"}],"predecessor-version":[{"id":1324,"href":"https:\/\/www.gabrielaresti.eus\/es\/wp-json\/wp\/v2\/pages\/173\/revisions\/1324"}],"up":[{"embeddable":true,"href":"https:\/\/www.gabrielaresti.eus\/es\/wp-json\/wp\/v2\/pages\/10"}],"wp:attachment":[{"href":"https:\/\/www.gabrielaresti.eus\/es\/wp-json\/wp\/v2\/media?parent=173"}],"curies":[{"name":"wp","href":"https:\/\/api.w.org\/{rel}","templated":true}]}}