{"id":17,"date":"2018-07-10T13:48:23","date_gmt":"2018-07-10T11:48:23","guid":{"rendered":"https:\/\/www.gabrielaresti.eus\/g2?page_id=17"},"modified":"2018-07-18T18:23:06","modified_gmt":"2018-07-18T16:23:06","slug":"politica-de-privacidad","status":"publish","type":"page","link":"https:\/\/www.gabrielaresti.eus\/es\/politica-de-privacidad\/","title":{"rendered":"Pol\u00edtica de privacidad"},"content":{"rendered":"<div class=\"wpb-content-wrapper\">[vc_row][vc_column][mk_table]\n<table id=\"privacy-policy\" class=\"table table-bordered\">\n<tbody>\n<tr>\n<th class=\"text-center\" colspan=\"3\">POLITICA DE PRIVACIDAD RESUMIDA (1\u00aa CAPA)<\/th>\n<\/tr>\n<tr>\n<td class=\"align-middle\" width=\"30%\">RESPONSABLE<\/td>\n<td>\n<ul>\n<li>Txinta Kooperatiba Elkartea.<\/li>\n<\/ul>\n<\/td>\n<td class=\"align-middle\"><a href=\"#1atala\">+ info<\/a><\/td>\n<\/tr>\n<tr>\n<td class=\"align-middle\" width=\"30%\">FINALIDAD<\/td>\n<td>\n<ul>\n<li>i. Prestar los servicios de formaci\u00f3n contratados y gestionar los pedidos y compras.<\/li>\n<li>ii. Responder a las consultas y solicitudes.<\/li>\n<li>iii. Enviar y difundir informaci\u00f3n sobre nuestros productos, servicios y actividades.<\/li>\n<li>iv. Participar en procesos de selecci\u00f3n.<\/li>\n<\/ul>\n<\/td>\n<td class=\"align-middle\" width=\"20%\"><a href=\"#2atala\">+info<\/a><\/td>\n<\/tr>\n<tr class=\"height-80\">\n<td class=\"align-middle\" width=\"30%\">LEGITIMACI\u00d3N<\/td>\n<td class=\"text-center\">Consentimiento del interesado.<\/td>\n<td class=\"align-middle\" width=\"20%\"><a href=\"#3atala\">+info<\/a><\/td>\n<\/tr>\n<tr class=\"height-80\">\n<td class=\"align-middle\" width=\"30%\">DESTINATARIOS<\/td>\n<td class=\"text-center\">HABE, ATOAN Kooperatiba Elkartea, Mailchimp, Gooogle.<\/td>\n<td class=\"align-middle\" width=\"20%\"><a href=\"https:\/\/www.gabrielaresti.eus\/es\/politica-de-privacidad#4atala\">+info<\/a><\/td>\n<\/tr>\n<tr class=\"height-80\">\n<td class=\"align-middle\" width=\"30%\">DERECHOS<\/td>\n<td class=\"text-center\">El interesado puede acceder, rectificar y suprimir los datos, as\u00ed como otros derechos, como se explica en la informaci\u00f3n adicional.<\/td>\n<td class=\"align-middle\" width=\"20%\"><a href=\"#5atala\">+ info<\/a><\/td>\n<\/tr>\n<tr>\n<td class=\"align-middle\" width=\"30%\">INFORMACI\u00d3N<br \/>\nADICIONAL<\/td>\n<td colspan=\"2\">Puede consultar la informaci\u00f3n adicional y detallada sobre Protecci\u00f3n de Datos en nuestra p\u00e1gina web:<\/p>\n<ul>\n<li>Pol\u00edtica de privacidad detallada: <a href=\"#1atala\">http:\/\/www.gabrielaresti.eus\/es\/politica-de-privacidad\/#1atala<\/a><\/li>\n<li>Aviso Legal: <a href=\"https:\/\/www.gabrielaresti.eus\/es\/aviso-legal \" target=\"_blank\" rel=\"noopener\"> https:\/\/www.gabrielaresti.eus\/es\/aviso-legal <\/a><\/li>\n<li>Pol\u00edtica de cookies: <a href=\"https:\/\/www.gabrielaresti.eus\/es\/politica-de-cookies\" target=\"_blank\" rel=\"noopener\"> https:\/\/www.gabrielaresti.eus\/es\/politica-de-cookies<\/a><\/li>\n<\/ul>\n<\/td>\n<\/tr>\n<\/tbody>\n<\/table>\n[\/mk_table][vc_column_text css=\u00bb.vc_custom_1531930984844{margin-bottom: 0px !important;}\u00bb]Versi\u00f3n Pol\u00edtica de Privacidad: 20\/06\/2018<\/p>\n<p>POLITICA DE PRIVACIDAD DETALLADA (2\u00aa CAPA):<\/p>\n<div class=\"col-md-9\">\n<div id=\"1atala\">\n<h2>1. RESPONSABLES DEL TRATAMIENTO<\/h2>\n<p>Txinta Kooperatiba Elkartea, con CIF F-95242822, y domicilio en\u00a0Done Bikendi kalea 2, 4. solairua 48001 Bilbo es responsables del tratamiento de los datos de los usuarios de la web www.gabrielaresti.eus y de los clientes del Euskaltegi Gabriel Aresti. Asumimos el compromiso de proteger la seguridad y privacidad de nuestros clientes. La pol\u00edtica de privacidad de Txinta Kooperatiba Elkartea (la \u00abPol\u00edtica de Privacidad\u00bb) se aplica a todos los datos de car\u00e1cter personal recogidos por nosotros o que nos hayan sido enviados, ya sea offline u online, incluida la informaci\u00f3n personal recogida o enviada a trav\u00e9s de nuestras p\u00e1ginas web (el \u00abPortal\u00bb) y cualesquiera otros sitios web m\u00f3viles y aplicaciones (conjuntamente, nuestras \u00abAplicaciones\u00bb) o a trav\u00e9s de las redes sociales oficiales que est\u00e9n bajo nuestro control (nuestras \u00abRedes Sociales\u00bb) y a trav\u00e9s de los mensajes de correo electr\u00f3nico (las Redes Sociales, las Aplicaciones y el Portal se denominar\u00e1n conjuntamente las \u00abP\u00e1ginas\u00bb). Al visitar el Portal y las P\u00e1ginas de Txinta Kooperatiba Elkartea, Vd. acepta y presta su consentimiento para que Txinta Kooperatiba Elkartea desarrolle las pr\u00e1cticas que se describen en la presente Pol\u00edtica de Privacidad. Si Vd. no acepta alguna de las disposiciones de la presente Pol\u00edtica de Privacidad, le rogamos se abstenga de utilizar el Portal o las Redes Sociales de Txinta Kooperatiba Elkartea o de enviar datos de car\u00e1cter personal a trav\u00e9s de estos.<\/p>\n<\/div>\n<div id=\"2atala\">\n<h2>2. FINALIDAD DEL TRATAMIENTO<\/h2>\n<p>Sus datos personales ser\u00e1n recopilados, en todo caso, con las siguientes finalidades:<\/p>\n<ul>\n<li>Para gestionar las compras y contrataciones que Vd. realice de cualquiera de nuestros servicios de formaci\u00f3n, por ejemplo, para procesar el pago de los productos adquiridos a trav\u00e9s del Portal, organizar la entrega de pedidos y prestarle servicio de atenci\u00f3n al cliente.<\/li>\n<li>Para gestionar su expediente acad\u00e9mico, realizar ex\u00e1menes, pruebas escritas y orales, enviar muestras de voz a HABE, gestionar subvenciones con HABE y otras administraciones p\u00fablicas locales, forales y\/o estatales.<\/li>\n<li>Para la facturaci\u00f3n de servicios y productos contratados.<\/li>\n<li>Para responder a sus posibles consultas y\/o solicitudes.<\/li>\n<li>Para la gesti\u00f3n de su participaci\u00f3n en los procesos de selecci\u00f3n de Txinta Kooperatiba Elkartea.<\/li>\n<li>Para proporcionarle informaci\u00f3n, a trav\u00e9s de diversos medios de contacto, sobre nuestros productos, servicios de formaci\u00f3n y otros contenidos que puedan resultar de su inter\u00e9s.<\/li>\n<li>Para gestionar la participaci\u00f3n en concursos, ofertas, eventos y promociones.<\/li>\n<li>Para remitirle clases de euskara y\/o la Newsletter de Gabriel Aresti Euskaltegia (siempre que Vd. se haya suscrito a dichos servicios). En cualquier momento Vd. podr\u00e1 darse de baja de este servicio utilizando la funci\u00f3n incluida a tal efecto en la comunicaci\u00f3n que haya recibido o mediante el env\u00edo de una comunicaci\u00f3n a la direcci\u00f3n datuak@gabrielaresti.eus. En este \u00faltimo caso deber\u00e1 especificar\u00a0 en su mensaje qu\u00e9 direcci\u00f3n electr\u00f3nica o n\u00famero de tel\u00e9fono es el que quiere dar de baja.<\/li>\n<li>Para difundir nuestras actividades y servicios, en medios de comunicaci\u00f3n, nuestra web y\/o redes sociales. Siempre que en las im\u00e1genes aparezcan identificados los alumnos con nombre y apellido, se recabar\u00e1 su consentimiento expreso, previamente y por escrito. En cualquier caso y en todo momento, las personas cuyas im\u00e1genes hayan sido publicadas podr\u00e1n solicitar la eliminaci\u00f3n de sus im\u00e1genes mediante el env\u00edo de una comunicaci\u00f3n a la direcci\u00f3n datuak@gabrielaresti.eus, especificando\u00a0 en su mensaje cu\u00e1l es el soporte concreto en el que desea que su aparici\u00f3n sea eliminada.<\/li>\n<li>Para nuestros propios fines empresariales como, por ejemplo, para analizar y gestionar nuestros negocios, llevar a cabo estudios de mercado y auditor\u00edas, desarrollar nuevos productos, optimizar nuestras P\u00e1ginas, mejorar nuestros productos y servicios, identificar tendencias de utilizaci\u00f3n, determinar la eficacia de nuestras campa\u00f1as promocionales, personalizar su experiencia y el contenido de las P\u00e1ginas de acuerdo con su conducta de navegaci\u00f3n en el pasado, medir su satisfacci\u00f3n y prestarle nuestro servicio de atenci\u00f3n al cliente (incluyendo la soluci\u00f3n de problemas relacionados con incidencias).<\/li>\n<\/ul>\n<\/div>\n<div id=\"3atala\">\n<h2>3. LEGITIMACI\u00d3N DEL TRATAMIENTO<\/h2>\n<p>La base legal para el tratamiento de sus datos personales es su consentimiento. Por ejemplo, Vd. puede otorgar dicho consentimiento a Txinta Kooperatiba Elkartea cuando contrata o adquiere cualquiera de nuestros servicios o productos de la tienda online, as\u00ed como cuando se suscribe al servicio de env\u00edo clases de euskera online y al servicio de Newsletter. Los datos personales (\u00abDatos Personales\u00bb) que Txinta Kooperatiba Elkartea puede recabar son los que Vd. nos facilite por cualquiera medio y que, con car\u00e1cter general, pueden ser:<\/p>\n<ul>\n<li>Nombre y apellidos e informaci\u00f3n de contacto, incluyendo datos tales como la direcci\u00f3n postal, direcci\u00f3n de correo electr\u00f3nico, n\u00famero de tel\u00e9fono y, en ocasiones, la fecha de nacimiento, as\u00ed como su nombre de usuario y foto en Redes Sociales.<\/li>\n<li>Informaci\u00f3n relativa a sus tarjetas de cr\u00e9dito y d\u00e9bito.<\/li>\n<li>Datos de identificaci\u00f3n electr\u00f3nica tales como la direcci\u00f3n IP, datos relativos a su navegador y su dispositivo, datos de archivo de registro de servidor\u2026<\/li>\n<\/ul>\n<p>En general, Vd. deber\u00e1 abstenerse de enviarnos Datos Personales sensibles (por ejemplo, datos relativos a su origen \u00e9tnico o racial, sus opiniones pol\u00edticas, su religi\u00f3n u otras creencias, su salud o sus enfermedades, sus antecedentes penales o su afiliaci\u00f3n sindical) y divulgarlos a trav\u00e9s de las P\u00e1ginas o de cualquier otra forma. Normalmente, Txinta Kooperatiba Elkartea no tratar\u00e1 Datos Personales sensibles salvo en supuestos puntuales como, por ejemplo, cuando Vd. acuda a alguno de nuestros cursos de formaci\u00f3n residenciales y sea preciso que adaptemos la dieta por necesidades (alergias o intolerancias) alimentarias.<\/p>\n<\/div>\n<div id=\"4atala\">\n<h2>4. DESTINATARIOS DE CESIONES O TRANSFERENCIAS<\/h2>\n<p>Al ser un euskaltegi homologado por HABE, los datos que los alumnos proporcionen al Euskaltegi Gabriel Aresti al hacer la matr\u00edcula o tramitar solicitudes de ayudas oficiales ser\u00e1n compartidos por Txinta Kooperatiba Elkartea con HABE, con domicilio en Vitoria-Gasteiz kalea, 3-6.a, 20018 DONOSTIA. HABE es la instituci\u00f3n oficial del Gobierno Vasco encargada de regular las clases de euskara a adultos, los ex\u00e1menes, las titulaciones y las ayudas y subvenciones oficiales.<\/p>\n<\/div>\n<p>Como encargados de tratamiento, el Prestador tiene,\u00a0con el fin de poder prestarle adecuadamente el servicio contratado, contratados los siguientes proveedores de servicios, que se han comprometido al cumplimiento de las disposiciones normativas de aplicaci\u00f3n en materia de protecci\u00f3n de datos, en el momento de su contrataci\u00f3n:<\/p>\n<div id=\"4atala\">\n<ul>\n<li>Atoan Kooperatiba Elkartea, con CIF F-95608691 y domicilio en Done Bikendi kalea 2, 4\u00ba piso, 48001 Bilbao. Empresa que presta servicios de comunicaci\u00f3n social tales como edici\u00f3n y env\u00edo de newsletters y gesti\u00f3n de redes sociales.<\/li>\n<li>Mailchimp (The Rocket Science Group LLC d\/b\/a MailChimp) con domicilio en 675 Ponce de Leon Ave NE, Suite 5000 Atlanta, GA 30308 USA, proporciona los servicios para campa\u00f1as de marketing. Pol\u00edtica de privacidad y dem\u00e1s aspectos legales de dicha compa\u00f1\u00eda en el siguiente enlace: <a href=\"https:\/\/mailchimp.com\/legal\/privacy\/\">https:\/\/mailchimp.com\/legal\/privacy\/<\/a> . Mailchimp participa y ha certificado su cumplimiento con el marco del acuerdo entre EE.UU. y la Uni\u00f3n Europea denominado Privacy Shield, habi\u00e9ndose comprometido a someter toda la informaci\u00f3n personal recibida de pa\u00edses miembros de la Uni\u00f3n Europea a los principios derivados del Privacy Shield. Adhesi\u00f3n de Mailchimp al Privacy Shield: <a href=\"https:\/\/www.privacyshield.gov\/participant?id=a2zt0000000TO6hAAG&amp;status=Active\">https:\/\/www.privacyshield.gov\/participant?id=a2zt0000000TO6hAAG&amp;status=Active<\/a><\/li>\n<li>Google LLC, con domicilio en 1600 Amphitheatre Parkway, 94043, Mountain View (California), Estados Unidos, que presta los servicios de GSuite, consistentes en servicios de computaci\u00f3n en la nube y de correo electr\u00f3nico. Pol\u00edtica de privacidad y dem\u00e1s aspectos legales de dicha compa\u00f1\u00eda en el siguiente enlace: <a href=\"https:\/\/www.google.com\/intl\/es\/policies\/privacy\/\" target=\"_blank\" rel=\"noopener\">https:\/\/www.google.com\/intl\/es\/policies\/privacy\/<\/a> . Google participa y ha certificado su cumplimiento con el marco del acuerdo entre EE.UU. y la Uni\u00f3n Europea denominado Privacy Shield, habi\u00e9ndose comprometido a someter toda la informaci\u00f3n personal recibida de pa\u00edses miembros de la Uni\u00f3n Europea a los principios derivados del Privacy Shield. Adhesi\u00f3n de Google al Privacy Shield: <a href=\"https:\/\/www.privacyshield.gov\/participant?id=a2zt000000001L5AAI&amp;status=Active\" target=\"_blank\" rel=\"noopener\">https:\/\/www.privacyshield.gov\/participant?id=a2zt000000001L5AAI&amp;status=Active<\/a><\/li>\n<\/ul>\n<p>Si necesitas m\u00e1s informaci\u00f3n acerca del Privacy Shield en la web del Departamento de Comercio de los EE.UU. puedes consultar este enlace: https:\/\/www.privacyshield.gov\/welcome .<\/p>\n<\/div>\n<div id=\"5atala\">\n<h2>5. DERECHOS DE LAS PERSONAS INTERESADAS<\/h2>\n<p>Cualquier persona tiene derecho a obtener confirmaci\u00f3n sobre si tratamos datos personales que le conciernen, o no. Por otro lado, las personas interesadas podr\u00e1n solicitar el ejercicio de los siguientes derechos ante Txinta Kooperatiba Elkartea:<\/p>\n<ul>\n<li>Derecho de acceso: permite al interesado conocer y obtener informaci\u00f3n sobre sus datos de car\u00e1cter personal sometidos a tratamiento.<\/li>\n<li>Derecho de rectificaci\u00f3n o supresi\u00f3n: permite corregir errores, modificar los datos que resulten ser inexactos o incompletos y garantizar la certeza de la informaci\u00f3n objeto del tratamiento.<\/li>\n<li>Derecho de cancelaci\u00f3n: permite que se supriman los datos que resulten ser inadecuados o excesivos.<\/li>\n<li>Derecho de oposici\u00f3n: derecho del interesado a que no se lleve a cabo el tratamiento de sus datos de car\u00e1cter personal o se cese en el mismo.<\/li>\n<li>Limitaci\u00f3n del tratamiento: conlleva el marcado de los datos personales conservados, con la finalidad de limitar su futuro tratamiento, en cuyo caso \u00fanicamente los conservaremos para el ejercicio o la defensa de reclamaciones.<\/li>\n<li>Portabilidad de los datos: facilitaci\u00f3n de los datos objeto de tratamiento al interesado, a fin de que \u00e9ste pueda transmitirlos a otro responsable, sin impedimentos.<\/li>\n<li>Derecho a no ser objeto de decisiones individuales automatizadas (incluida la elaboraci\u00f3n de perfiles): derecho a no ser objeto de una decisi\u00f3n basada \u00fanicamente en el tratamiento automatizado que produzca efectos o afecte significativamente.<\/li>\n<\/ul>\n<p>Para el ejercicio de cualquiera de los mencionados derechos deber\u00e1 remitir un escrito con la referencia Protecci\u00f3n de Datos en el que se acompa\u00f1e fotocopia del Documento Nacional de Identidad, N.I.E. o pasaporte y en el que conste la petici\u00f3n en que se concreta la solicitud a Txinta Kooperatiba Elkartea a la siguiente direcci\u00f3n: Done Bikendi kalea 2, 4\u00ba piso, 48001 Bilbao, o mediante el env\u00edo de un correo electr\u00f3nico a la direcci\u00f3n datuak@gabrielaresti.eus.<\/p>\n<p>Tenga en cuenta que es posible que, en caso de solicitar cambios en relaci\u00f3n con su Datos Personales, puede que estos no se hagan efectivos inmediatamente. En todo caso, atenderemos su(s) solicitud(es) en el plazo de un (1) mes contados a partir de la fecha en la que recibamos su solicitud.<\/p>\n<\/div>\n<div id=\"6atala\">\n<h2>6. PERIODO DE CONSERVACI\u00d3N<\/h2>\n<p>Los Datos Personales facilitados ser\u00e1n mantenidos durante el plazo necesario para llevar a cabo los fines en base a los cuales han sido recabados o registrados.<\/p>\n<p>En todo caso, sus Datos Personales podr\u00e1n ser conservados posteriormente mientras el tratamiento sea necesario para el cumplimiento de una obligaci\u00f3n legal y\/o para la formulaci\u00f3n, el ejercicio o la defensa de reclamaciones. Asimismo, es posible que tengamos que conservar determinados datos con fines de archivo y\/o para finalizar cualquier operaci\u00f3n que Vd. haya iniciado antes de solicitar la rectificaci\u00f3n o cancelaci\u00f3n en cuesti\u00f3n (por ejemplo, cuando realice una compra o participe en una promoci\u00f3n, no podr\u00e1 solicitar la rectificaci\u00f3n o cancelaci\u00f3n de los Datos Personales facilitados hasta que haya finalizado la misma).<\/p>\n<\/div>\n<div id=\"7atala\">\n<h2>7. INFORMACI\u00d3N ADICIONAL<\/h2>\n<p><strong>PUBLICACIONES REALIZADAS EN LAS REDES SOCIALES<\/strong><\/p>\n<p>Nuestros perfiles en Redes Sociales est\u00e1n dirigidos a mayores de 16 a\u00f1os, por lo que si quieres formar parte debes ser mayor de 16 a\u00f1os y leer atentamente las condiciones y pol\u00edticas publicadas por Txinta Kooperatiba Elkartea.<\/p>\n<p>Txinta Kooperatiba Elkartea es responsable de la administraci\u00f3n los perfiles de Gabriel Aresti Euskaltegia en las Redes Sociales siempre y cuando hayan sido creados por Txinta Kooperatiba Elkartea y el funcionamiento de la propia red social permita dicha administraci\u00f3n. Si te haces seguidor de los perfiles de Gabriel Aresti Euskaltegia en las Redes Sociales su uso y el tratamiento de tus datos personales que se realice a trav\u00e9s de aquellos se regular\u00e1 por las condiciones espec\u00edficas previstas y publicadas en cada sitio o p\u00e1gina oficial. El hecho de convertirte en \u00abamigo\u00bb o \u00abseguidor\u00bb de nuestros perfiles en las Redes Sociales implica que consientes el tratamiento de tus datos seg\u00fan lo establecido en las pol\u00edticas y condiciones que en cada caso regulen su uso.<\/p>\n<p>Txinta Kooperatiba Elkartea no se responsabiliza de los perfiles no oficiales que otros terceros puedan crear en las redes sociales. Por eso te recomendamos que siempre actives la opci\u00f3n de \u00abseguir a Gabriel Aresti Euskaltegia\u00bb a trav\u00e9s de nuestros sitios web y m\u00f3viles.<\/p>\n<p>Txinta Kooperatiba Elkartea es responsable del fichero y del tratamiento que realice a trav\u00e9s de perfiles en redes sociales. Si te haces amigo o seguidor de nuestros perfiles en redes sociales, tus datos personales ser\u00e1n tratados con la finalidad de administrar correctamente el perfil oficial, conocer tus opiniones y\/o comentarios, as\u00ed como informarte y hacerte part\u00edcipe de los diferentes productos, promociones y\/o eventos que se realicen por Txinta Kooperatiba Elkartea a trav\u00e9s de sus perfiles oficiales en sus redes sociales.<\/p>\n<p>Para dejar de seguir el perfil de Gabriel Aresti Euskaltegia en las redes sociales deber\u00e1s seguir los pasos que se indiquen en las condiciones de funcionamiento y uso de cada proveedor de la red sin que Txinta Kooperatiba Elkartea pueda intervenir en dicho proceso. No obstante, Txinta Kooperatiba Elkartea se reserva el derecho a crear, editar, modificar y\/o eliminar los perfiles oficiales sin necesidad de informarte con car\u00e1cter previo.<\/p>\n<p>Para realizar cualquier consulta en relaci\u00f3n con el tratamiento de datos que se realiza de los seguidores en los sitios o las p\u00e1ginas oficiales de Gabriel Aresti Euskaltegia en las redes sociales puedes ponerte en contacto con Txinta Kooperatiba Elkartea en la direcci\u00f3n que se muestra a continuaci\u00f3n: datuak@gabrielaresti.eus.<\/p>\n<p><strong>SEGURIDAD<\/strong><\/p>\n<p>Desde Txinta Kooperatiba Elkartea tenemos el firme compromiso de tomar las medidas adecuadas a nivel t\u00e9cnico y organizativo razonables para proteger los Datos Personales que est\u00e1n bajo nuestro tratamiento y garantizar un nivel de seguridad adecuado en relaci\u00f3n con los riesgos que pueda presentar el tratamiento y la naturaleza de los Datos Personales. Lamentablemente, no podemos garantizarle al 100% la seguridad de las transmisiones de datos a trav\u00e9s de Internet o de los sistemas de almacenamiento de datos.<\/p>\n<p><strong>MARCO NORMATIVO<\/strong><\/p>\n<p>El marco normativo aplicable para el tratamiento de datos personales efectuado por Txinta Kooperatiba Elkartea ser\u00e1 el Reglamento 2016\/679 de 17 de abril de 2016 (Reglamento General de Protecci\u00f3n de Datos) y la legislaci\u00f3n y normativa vigente en materia de protecci\u00f3n de datos personales.<\/p>\n<\/div>\n<div class=\"text-right\">\n<p>Versi\u00f3n Pol\u00edtica de Privacidad: 20\/06\/2018<\/p>\n<\/div>\n<\/div>\n[\/vc_column_text][\/vc_column][\/vc_row]\n<\/div>","protected":false},"excerpt":{"rendered":"<p>[vc_row][vc_column][mk_table] POLITICA DE PRIVACIDAD RESUMIDA (1\u00aa CAPA) RESPONSABLE Txinta Kooperatiba Elkartea. + info FINALIDAD i. Prestar los servicios de formaci\u00f3n contratados y gestionar los pedidos y compras. ii. Responder a las consultas y solicitudes. iii. Enviar y difundir informaci\u00f3n sobre nuestros productos, servicios y actividades. iv. Participar en procesos de selecci\u00f3n. +info LEGITIMACI\u00d3N Consentimiento del [&hellip;]<\/p>\n","protected":false},"author":1,"featured_media":0,"parent":0,"menu_order":0,"comment_status":"closed","ping_status":"closed","template":"","meta":{"footnotes":""},"class_list":["post-17","page","type-page","status-publish","hentry"],"aioseo_notices":[],"_links":{"self":[{"href":"https:\/\/www.gabrielaresti.eus\/es\/wp-json\/wp\/v2\/pages\/17","targetHints":{"allow":["GET"]}}],"collection":[{"href":"https:\/\/www.gabrielaresti.eus\/es\/wp-json\/wp\/v2\/pages"}],"about":[{"href":"https:\/\/www.gabrielaresti.eus\/es\/wp-json\/wp\/v2\/types\/page"}],"author":[{"embeddable":true,"href":"https:\/\/www.gabrielaresti.eus\/es\/wp-json\/wp\/v2\/users\/1"}],"replies":[{"embeddable":true,"href":"https:\/\/www.gabrielaresti.eus\/es\/wp-json\/wp\/v2\/comments?post=17"}],"version-history":[{"count":6,"href":"https:\/\/www.gabrielaresti.eus\/es\/wp-json\/wp\/v2\/pages\/17\/revisions"}],"predecessor-version":[{"id":756,"href":"https:\/\/www.gabrielaresti.eus\/es\/wp-json\/wp\/v2\/pages\/17\/revisions\/756"}],"wp:attachment":[{"href":"https:\/\/www.gabrielaresti.eus\/es\/wp-json\/wp\/v2\/media?parent=17"}],"curies":[{"name":"wp","href":"https:\/\/api.w.org\/{rel}","templated":true}]}}