{"id":1655,"date":"2019-03-29T13:15:55","date_gmt":"2019-03-29T12:15:55","guid":{"rendered":"https:\/\/www.gabrielaresti.eus\/cursos\/uda"},"modified":"2026-04-28T11:25:24","modified_gmt":"2026-04-28T10:25:24","slug":"verano","status":"publish","type":"page","link":"https:\/\/www.gabrielaresti.eus\/es\/cursos\/verano\/","title":{"rendered":"Cursos de euskera en verano"},"content":{"rendered":"<div class=\"wpb-content-wrapper\">[vc_row][vc_column][vc_empty_space][mk_ornamental_title font_family=\u00bbnone\u00bb font_size=\u00bb20&#8243; font_weight=\u00bbbold\u00bb ornament_style=\u00bbnorman-single\u00bb]\n<h2>Verano 2026<\/h2>\n[\/mk_ornamental_title][vc_single_image image=\u00bb5657&#8243; img_size=\u00bbfull\u00bb alignment=\u00bbcenter\u00bb onclick=\u00bbimg_link_large\u00bb img_link_target=\u00bb_blank\u00bb css=\u00bb\u00bb][vc_column_text css=\u00bb.vc_custom_1746520203152{margin-bottom: 0px !important;}\u00bb]En el euskaltegi Gabriel Aresti tenemos una amplia oferta de cursos para aprender euskera en verano de 2025, de junio a septiembre, dirigida a personas adultas y tambi\u00e9n a j\u00f3venes a partir de 16 a\u00f1os: cursos intensivos de 5 horas diarias, de lunes a viernes, y barnetegis (internados) en Bakaiku y Bilbao. Tambi\u00e9n cursos de autoaprendizaje, para aprender euskera online en vacaciones.[\/vc_column_text][\/vc_column][\/vc_row][vc_row css=\u00bb.vc_custom_1716450987431{margin-top: 20px !important;margin-bottom: 20px !important;}\u00bb][vc_column][vc_empty_space][mk_ornamental_title font_family=\u00bbnone\u00bb font_size=\u00bb20&#8243; font_weight=\u00bbbold\u00bb ornament_style=\u00bbnorman-single\u00bb]\n<h2>Barnetegis e intensivos para j\u00f3venes 2026<\/h2>\n[\/mk_ornamental_title][vc_single_image image=\u00bb5600&#8243; img_size=\u00bbfull\u00bb alignment=\u00bbcenter\u00bb onclick=\u00bbcustom_link\u00bb css=\u00bb\u00bb link=\u00bbhttps:\/\/www.gabrielaresti.eus\/es\/opciones\/verano-2025-barnetegis-intensivos-euskera-jovenes\/\u00bb][vc_column_text css=\u00bb.vc_custom_1769771978896{margin-bottom: 0px !important;}\u00bb]<a href=\"https:\/\/www.gabrielaresti.eus\/es\/opciones\/verano-2025-barnetegis-intensivos-euskera-jovenes\/\">Barnetegis e intensivos para j\u00f3venes.<\/a> <strong>15-20 a\u00f1os (incluido los nacidos\/as en 2010)<\/strong>[\/vc_column_text][\/vc_column][\/vc_row][vc_row id=\u00bbdeskontuak\u00bb][vc_column width=\u00bb1\/3&#8243;][vc_message css=\u00bb\u00bb]\n<h2>SUBVENCIONES<\/h2>\n<p>&nbsp;<\/p>\n<h3>BARNETEGIS &#8211; BAKAIKU<\/h3>\n<ul>\n<li>15-20 a\u00f1os (nacidos\/as en 2008, 2009 y 2010)<\/li>\n<li>preparaci\u00f3n C1<\/li>\n<\/ul>\n<p><strong>Precio<\/strong>: <del>570 \u20ac<\/del>\u00a0 <strong>60 \u20ac + 285 \u20ac (manutenci\u00f3n)<\/strong><\/p>\n<h3>BARNETEGIS &#8211; BILBO<\/h3>\n<ul>\n<li>15-20 a\u00f1os (nacidos\/as en 2008, 2009 y 2010)<\/li>\n<li>preparaci\u00f3n C1<\/li>\n<\/ul>\n<p><strong>Precio<\/strong>: <del>480 \u20ac<\/del>\u00a0 <strong>60 \u20ac + 195 \u20ac (manutenci\u00f3n)<\/strong><\/p>\n<h3>INTENSIVOS &#8211; BILBO<\/h3>\n<div class=\"wpb_row vc_row vc_row-fluid jupiter-donut- mk-fullwidth-false attched-false js-master-row mk-grid mk-in-viewport\" data-mk-stretch-content=\"true\">\n<div class=\"vc_col-sm-12 wpb_column column_container jupiter-donut- _ jupiter-donut-height-full\">\n<div class=\" vc_custom_1708945895743\">\n<div id=\"text-block-7\" class=\"mk-text-block jupiter-donut- \">\n<ul>\n<li>Para preparar A1A0, A1A1, A2A1, A2A2 eta C1C1 en junio, julio y septiembre. <strong>Precio<\/strong>: <del>285 \u20ac<\/del>\u00a0 <strong>66 \u20ac\u00a0<\/strong><\/li>\n<li>Para preparar A1A0, A1A1, A2A1, A2A2 eta C1C1 en agosto: <strong>Precio<\/strong>: <del>285 \u20ac<\/del>\u00a0 <strong>60 \u20ac\u00a0<\/strong><\/li>\n<\/ul>\n<p>* Para los nacidos\/as en 2008, 2009 y 2010 que preparen C1<\/p>\n<p>&nbsp;<\/p>\n<p>*Subvenciones de\u00a0<strong><a href=\"https:\/\/www.habe.euskadi.eus\/ayuda_subvencion\/alumnos-y-alumnas-de-16-a-18-anos-que-tengan-como-objetivo-el-nivel-c1-durante-el-curso-2023-2024\/webhabe00-tramiteak\/es\/\" target=\"_blank\" rel=\"noopener\">HABE<\/a><\/strong>. Para aplicarlos la matr\u00edcula se debe hacer en las oficinas del euskaltegi.<\/p>\n<\/div>\n<\/div>\n<\/div>\n<\/div>\n[\/vc_message][\/vc_column][vc_column width=\u00bb2\/3&#8243;][vc_single_image image=\u00bb5669&#8243; img_size=\u00bbfull\u00bb alignment=\u00bbcenter\u00bb onclick=\u00bbimg_link_large\u00bb img_link_target=\u00bb_blank\u00bb css=\u00bb\u00bb][\/vc_column][\/vc_row][vc_row css=\u00bb.vc_custom_1716450987431{margin-top: 20px !important;margin-bottom: 20px !important;}\u00bb][vc_column width=\u00bb1\/2&#8243;][mk_ornamental_title font_family=\u00bbnone\u00bb font_size=\u00bb20&#8243; font_weight=\u00bbbold\u00bb ornament_style=\u00bbnorman-single\u00bb]\n<h2>Conciliaci\u00f3n familiar<\/h2>\n[\/mk_ornamental_title][vc_column_text css=\u00bb.vc_custom_1716451010709{margin-bottom: 0px !important;}\u00bb]Si est\u00e1s matriculado en el\u00a0euskaltegi Gabriel Aresti\u00a0en Bilbao en el horario 8.30-14.00 (intensivo de verano), tu ni\u00f1a o ni\u00f1o tendr\u00e1 un 10% de descuento en la matr\u00edcula del campus de <a href=\"https:\/\/www.gazteola.eus\/es\/campus-colonias\/verano\/\" target=\"_blank\" rel=\"noopener\">Gazteola<\/a>.[\/vc_column_text][\/vc_column][vc_column width=\u00bb1\/2&#8243;][vc_single_image image=\u00bb4523&#8243; img_size=\u00bbfull\u00bb alignment=\u00bbcenter\u00bb][\/vc_column][\/vc_row][vc_row][vc_column][mk_ornamental_title tag_name=\u00bbh3&#8243; font_family=\u00bbnone\u00bb font_size=\u00bb28&#8243; ornament_style=\u00bbnorman-double\u00bb]\n<h3><strong>2026<\/strong><\/h3>\n[\/mk_ornamental_title][mk_portfolio column=\u00bb4&#8243; permalink_icon_name=\u00bbmk-li-sun\u00bb zoom_icon=\u00bbfalse\u00bb count=\u00bb-1&#8243; sortable=\u00bbfalse\u00bb pagination=\u00bbfalse\u00bb order=\u00bbASC\u00bb orderby=\u00bbpost__in\u00bb categories=\u00bbuda\u00bb][\/vc_column][\/vc_row][vc_row disable_element=\u00bbyes\u00bb][vc_column][mk_button size=\u00bblarge\u00bb icon=\u00bbmk-moon-file-download\u00bb icon_anim=\u00bbside\u00bb url=\u00bbhttps:\/\/www.gabrielaresti.eus\/g2\/wp-content\/uploads\/2024\/02\/24uda-ordutegiak_prezioak.jpg\u00bb target=\u00bb_blank\u00bb align=\u00bbcenter\u00bb bg_color=\u00bb#7bbac3&#8243;]Descarga el PDF con horarios y precios de verano[\/mk_button][\/vc_column][\/vc_row]\n<\/div>","protected":false},"excerpt":{"rendered":"<p>[vc_row][vc_column][vc_empty_space][mk_ornamental_title font_family=\u00bbnone\u00bb font_size=\u00bb20&#8243; font_weight=\u00bbbold\u00bb ornament_style=\u00bbnorman-single\u00bb] Verano 2026 [\/mk_ornamental_title][vc_single_image image=\u00bb5657&#8243; img_size=\u00bbfull\u00bb alignment=\u00bbcenter\u00bb onclick=\u00bbimg_link_large\u00bb img_link_target=\u00bb_blank\u00bb css=\u00bb\u00bb][vc_column_text css=\u00bb.vc_custom_1746520203152{margin-bottom: 0px !important;}\u00bb]En el euskaltegi Gabriel Aresti tenemos una amplia oferta de cursos para aprender euskera en verano de 2025, de junio a septiembre, dirigida a personas adultas y tambi\u00e9n a j\u00f3venes a partir de 16 a\u00f1os: cursos intensivos de 5 [&hellip;]<\/p>\n","protected":false},"author":3,"featured_media":0,"parent":200,"menu_order":0,"comment_status":"closed","ping_status":"closed","template":"","meta":{"footnotes":""},"class_list":["post-1655","page","type-page","status-publish","hentry"],"aioseo_notices":[],"_links":{"self":[{"href":"https:\/\/www.gabrielaresti.eus\/es\/wp-json\/wp\/v2\/pages\/1655","targetHints":{"allow":["GET"]}}],"collection":[{"href":"https:\/\/www.gabrielaresti.eus\/es\/wp-json\/wp\/v2\/pages"}],"about":[{"href":"https:\/\/www.gabrielaresti.eus\/es\/wp-json\/wp\/v2\/types\/page"}],"author":[{"embeddable":true,"href":"https:\/\/www.gabrielaresti.eus\/es\/wp-json\/wp\/v2\/users\/3"}],"replies":[{"embeddable":true,"href":"https:\/\/www.gabrielaresti.eus\/es\/wp-json\/wp\/v2\/comments?post=1655"}],"version-history":[{"count":50,"href":"https:\/\/www.gabrielaresti.eus\/es\/wp-json\/wp\/v2\/pages\/1655\/revisions"}],"predecessor-version":[{"id":5746,"href":"https:\/\/www.gabrielaresti.eus\/es\/wp-json\/wp\/v2\/pages\/1655\/revisions\/5746"}],"up":[{"embeddable":true,"href":"https:\/\/www.gabrielaresti.eus\/es\/wp-json\/wp\/v2\/pages\/200"}],"wp:attachment":[{"href":"https:\/\/www.gabrielaresti.eus\/es\/wp-json\/wp\/v2\/media?parent=1655"}],"curies":[{"name":"wp","href":"https:\/\/api.w.org\/{rel}","templated":true}]}}