{"id":1312,"date":"2018-09-27T12:58:58","date_gmt":"2018-09-27T10:58:58","guid":{"rendered":"https:\/\/www.gabrielaresti.eus\/?page_id=1312"},"modified":"2018-09-27T14:37:53","modified_gmt":"2018-09-27T12:37:53","slug":"suscripcion-sms","status":"publish","type":"page","link":"https:\/\/www.gabrielaresti.eus\/es\/suscripcion-sms\/","title":{"rendered":"Suscripcion SMS"},"content":{"rendered":"<p><strong>Suscripci\u00f3n SMS<\/strong><br \/>\nSi has recibido algun SMS de nosotros, eso es porque est\u00e1s o has estado matriculado recientemente en el euskaltegi Gabriel Aresti. Al formalizar la matr\u00edcula diste tu consentimiento para recibir informaciones del euskaltegi. Este servicio es totalmente gratuito para t\u00ed, y no recibir\u00e1s m\u00e1s que unos pocos mensajes al a\u00f1o.<\/p>\n<p>Si de todas formas prefieres no recibir mas SMS, por favor introduce tu numero de telefono en el siguiente formulario para borrarlo autom\u00e1ticamente de nuestra lista de distribuci\u00f3n. Si no puedes ver el formulario correctamente, haz click <a href=\"https:\/\/docs.google.com\/forms\/d\/1Ywn1nLG2zw_r669wJc-gFKUOdhfflVB301eVYVcn2wQ\/viewform\" target=\"_blank\" rel=\"noopener\">aqu\u00ed<\/a>.<\/p>\n<p><iframe loading=\"lazy\" src=\"https:\/\/docs.google.com\/forms\/d\/1Ywn1nLG2zw_r669wJc-gFKUOdhfflVB301eVYVcn2wQ\/viewform?embedded=true\" width=\"550\" height=\"500\" frameborder=\"0\" marginwidth=\"0\" marginheight=\"0\">Kargatzen&#8230;<\/iframe><\/p>\n<form id=\"form1\" action=\"http:\/\/bulksms.com.es:5567\/eapi\/1.0\/phonebook\/public_remove_member?\" method=\"get\" name=\"form1\"><\/form>\n<h6>AVISO: El tratamiento que hagamos de tus datos personales ser\u00e1 siempre de acuerdo con nuestra <a href=\"https:\/\/www.gabrielaresti.eus\/es\/politica-de-privacidad\">pol\u00edtica de privacidad<\/a>.<\/h6>\n<p>&nbsp;<\/p>\n","protected":false},"excerpt":{"rendered":"<p>Suscripci\u00f3n SMS Si has recibido algun SMS de nosotros, eso es porque est\u00e1s o has estado matriculado recientemente en el euskaltegi Gabriel Aresti. Al formalizar la matr\u00edcula diste tu consentimiento para recibir informaciones del euskaltegi. Este servicio es totalmente gratuito para t\u00ed, y no recibir\u00e1s m\u00e1s que unos pocos mensajes al a\u00f1o. Si de todas [&hellip;]<\/p>\n","protected":false},"author":1,"featured_media":0,"parent":0,"menu_order":0,"comment_status":"closed","ping_status":"closed","template":"","meta":{"footnotes":""},"class_list":["post-1312","page","type-page","status-publish","hentry"],"aioseo_notices":[],"_links":{"self":[{"href":"https:\/\/www.gabrielaresti.eus\/es\/wp-json\/wp\/v2\/pages\/1312","targetHints":{"allow":["GET"]}}],"collection":[{"href":"https:\/\/www.gabrielaresti.eus\/es\/wp-json\/wp\/v2\/pages"}],"about":[{"href":"https:\/\/www.gabrielaresti.eus\/es\/wp-json\/wp\/v2\/types\/page"}],"author":[{"embeddable":true,"href":"https:\/\/www.gabrielaresti.eus\/es\/wp-json\/wp\/v2\/users\/1"}],"replies":[{"embeddable":true,"href":"https:\/\/www.gabrielaresti.eus\/es\/wp-json\/wp\/v2\/comments?post=1312"}],"version-history":[{"count":4,"href":"https:\/\/www.gabrielaresti.eus\/es\/wp-json\/wp\/v2\/pages\/1312\/revisions"}],"predecessor-version":[{"id":1319,"href":"https:\/\/www.gabrielaresti.eus\/es\/wp-json\/wp\/v2\/pages\/1312\/revisions\/1319"}],"wp:attachment":[{"href":"https:\/\/www.gabrielaresti.eus\/es\/wp-json\/wp\/v2\/media?parent=1312"}],"curies":[{"name":"wp","href":"https:\/\/api.w.org\/{rel}","templated":true}]}}