{"id":10,"date":"2018-07-10T12:09:53","date_gmt":"2018-07-10T10:09:53","guid":{"rendered":"https:\/\/www.gabrielaresti.eus\/g2?page_id=10"},"modified":"2023-08-16T22:17:51","modified_gmt":"2023-08-16T21:17:51","slug":"euskaltegi","status":"publish","type":"page","link":"https:\/\/www.gabrielaresti.eus\/es\/euskaltegi\/","title":{"rendered":"Euskaltegi Gabriel Aresti"},"content":{"rendered":"<p>El euskaltegi Gabriel Aresti es el principal centro de ense\u00f1anza de euskara a adultos de Bizkaia. Situado en el centro de Bilbao, inici\u00f3 su andadura en 1978 y, durante los \u00faltimos m\u00e1s de <strong>40 a\u00f1os<\/strong> han pasado por nuestras aulas <strong>m\u00e1s de 60.000 alumnas y alumnos<\/strong>. Tenemos <strong>experiencia<\/strong>, por tanto, en el trabajo de euskaldunizaci\u00f3n y, prueba de ello son las y los miles de euskaldunberris que han pasado por nuestro euskaltegi y a quienes oir\u00e1s hablar en euskera en Bilbao. Puede decirse, por tanto, que el euskaltegi Gabriel Aresti es <strong>el mayor centro de ense\u00f1anza de euskara a personas adultas de todo el Pa\u00eds Vasco<\/strong>.<\/p>\n<p>A nuestras aulas acude <strong>gente de todo tipo<\/strong>: ejecutivas\/os, administrativas\/os, estudiantes, paradas\/os, funcionarias\/os, comerciantes&#8230; Y les ofrecemos un <strong>amplio abanico de <a title=\"Cursos\" href=\"https:\/\/www.gabrielaresti.eus\/es\/cursos\">opciones de cursos<\/a><\/strong> para aprender euskara a medida de sus horarios y preferencias.<\/p>\n<p><strong>Homologado por HABE<\/strong>, nuestro euskaltegi es pionero en desarrollar un <strong>eficaz <a title=\"Metodologia\" href=\"https:\/\/www.gabrielaresti.eus\/es\/euskaltegi\/metodo\">m\u00e9todo<\/a><\/strong> para aprender mejor y m\u00e1s r\u00e1pido la lengua vasca, en todo momento con recursos adecuados para que nuestras alumnas y alumnos obtengan los <strong>mejores resultados<\/strong> en el menor tiempo posible. El secreto de nuestro \u00e9xito est\u00e1 tambi\u00e9n fuera de las aulas ya que, juntamente con el aprendizaje gramatical en el aula, potenciamos constantemente el <strong>practicar euskera<\/strong> a trav\u00e9s de un amplio n\u00famero de <strong>actividades l\u00fadico-did\u00e1cticas<\/strong>.<\/p>\n<p>Y es que Gabriel Aresti es mucho <strong><a href=\"https:\/\/www.gabrielaresti.eus\/es\/euskaltegi\/mas-que-una-academia-de-euskera\/\">m\u00e1s que un euskaltegi<\/a><\/strong> al uso: <a title=\"Link externo\" href=\"https:\/\/www.zenbatgara.eus\" target=\"_blank\" rel=\"noopener noreferrer\">Zenbat Gara<\/a> pone toda su infraestructura l\u00fadica y de servicios (Kafe Antzokia, Algara konpartsa, actividades culturales&#8230;), para lograr que, tambi\u00e9n fuera de las aulas, podamos <strong>vivir en euskara<\/strong>, aprendiendo m\u00e1s a\u00fan y disfrutando.<\/p>\n<p><iframe loading=\"lazy\" title=\"Euskaltegia baino gehiago  - Gabriel Aresti,  euskaltegi en Bilbao (1)\" width=\"1140\" height=\"641\" src=\"https:\/\/www.youtube.com\/embed\/uiG6S0KqNL0?feature=oembed\" frameborder=\"0\" allow=\"accelerometer; autoplay; clipboard-write; encrypted-media; gyroscope; picture-in-picture; web-share\" allowfullscreen><\/iframe><\/p>\n<p>&#8230;Pero Gabriel Aresti es <a href=\"https:\/\/www.gabrielaresti.eus\/es\/euskaltegi\/mas-que-una-academia-de-euskera\/\">m\u00e1s que un euskaltegi<\/a>.<\/p>\n<p><iframe loading=\"lazy\" title=\"Euskaltegia baino gehiago  - Gabriel Aresti,  euskaltegi en Bilbao (2)\" width=\"1140\" height=\"641\" src=\"https:\/\/www.youtube.com\/embed\/th6RBgnDEMQ?feature=oembed\" frameborder=\"0\" allow=\"accelerometer; autoplay; clipboard-write; encrypted-media; gyroscope; picture-in-picture; web-share\" allowfullscreen><\/iframe><\/p>\n","protected":false},"excerpt":{"rendered":"<p>El euskaltegi Gabriel Aresti es el principal centro de ense\u00f1anza de euskara a adultos de Bizkaia. Situado en el centro de Bilbao, inici\u00f3 su andadura en 1978 y, durante los \u00faltimos m\u00e1s de 40 a\u00f1os han pasado por nuestras aulas m\u00e1s de 60.000 alumnas y alumnos. Tenemos experiencia, por tanto, en el trabajo de euskaldunizaci\u00f3n [&hellip;]<\/p>\n","protected":false},"author":1,"featured_media":0,"parent":0,"menu_order":0,"comment_status":"closed","ping_status":"closed","template":"","meta":{"footnotes":""},"class_list":["post-10","page","type-page","status-publish","hentry"],"aioseo_notices":[],"_links":{"self":[{"href":"https:\/\/www.gabrielaresti.eus\/es\/wp-json\/wp\/v2\/pages\/10","targetHints":{"allow":["GET"]}}],"collection":[{"href":"https:\/\/www.gabrielaresti.eus\/es\/wp-json\/wp\/v2\/pages"}],"about":[{"href":"https:\/\/www.gabrielaresti.eus\/es\/wp-json\/wp\/v2\/types\/page"}],"author":[{"embeddable":true,"href":"https:\/\/www.gabrielaresti.eus\/es\/wp-json\/wp\/v2\/users\/1"}],"replies":[{"embeddable":true,"href":"https:\/\/www.gabrielaresti.eus\/es\/wp-json\/wp\/v2\/comments?post=10"}],"version-history":[{"count":16,"href":"https:\/\/www.gabrielaresti.eus\/es\/wp-json\/wp\/v2\/pages\/10\/revisions"}],"predecessor-version":[{"id":3997,"href":"https:\/\/www.gabrielaresti.eus\/es\/wp-json\/wp\/v2\/pages\/10\/revisions\/3997"}],"wp:attachment":[{"href":"https:\/\/www.gabrielaresti.eus\/es\/wp-json\/wp\/v2\/media?parent=10"}],"curies":[{"name":"wp","href":"https:\/\/api.w.org\/{rel}","templated":true}]}}